{"id":155584,"date":"2025-04-03T15:52:03","date_gmt":"2025-04-03T12:52:03","guid":{"rendered":"https:\/\/4room.lv\/?post_type=product&#038;p=155584"},"modified":"2025-04-03T17:04:16","modified_gmt":"2025-04-03T14:04:16","slug":"rain-single-black-black","status":"publish","type":"product","link":"https:\/\/4room.lv\/lv\/veikals\/apgaismojums\/dekorativais\/rain-single-black-black\/","title":{"rendered":"Rain single Black\/Black"},"content":{"rendered":"","protected":false},"excerpt":{"rendered":"<p>Rain gaismeklis pil no griestiem k\u0101 lietus l\u0101se. Elegantas leiktas formas un skaista stikla l\u0113ca, no k\u0101 izstarojas jaud\u012bga gaisma. Konkr\u0113t\u0101 versija ir mateti melns korpuss ar 3000K Led virsapmetuma versij\u0101. Gaismek\u013ca Led ir dimm\u0113jams.<\/p>\n<p>Ja v\u0113laties citos to\u0146os vai komplekt\u0101cij\u0101, k\u0101 piem\u0113ram ar ieb\u016bv\u0113tu griestu b\u0101zi vai vair\u0101kus gaismek\u013cus uz vienas b\u0101zes, tad variet mums piepras\u012bt un pal\u012bdz\u0113sim<\/p>\n","protected":false},"featured_media":155594,"template":"","meta":[],"product_cat":[1058,127,147],"product_tag":[],"class_list":{"0":"post-155584","1":"product","2":"type-product","3":"status-publish","4":"has-post-thumbnail","6":"product_brand-lodes","7":"product_cat-dizaina","8":"product_cat-apgaismojums","9":"product_cat-dekorativais","11":"first","12":"instock","13":"shipping-taxable","14":"purchasable","15":"product-type-simple","16":"hongo-alternate-image-wrap"},"_links":{"self":[{"href":"https:\/\/4room.lv\/lv\/wp-json\/wp\/v2\/product\/155584","targetHints":{"allow":["GET"]}}],"collection":[{"href":"https:\/\/4room.lv\/lv\/wp-json\/wp\/v2\/product"}],"about":[{"href":"https:\/\/4room.lv\/lv\/wp-json\/wp\/v2\/types\/product"}],"wp:featuredmedia":[{"embeddable":true,"href":"https:\/\/4room.lv\/lv\/wp-json\/wp\/v2\/media\/155594"}],"wp:attachment":[{"href":"https:\/\/4room.lv\/lv\/wp-json\/wp\/v2\/media?parent=155584"}],"wp:term":[{"taxonomy":"product_cat","embeddable":true,"href":"https:\/\/4room.lv\/lv\/wp-json\/wp\/v2\/product_cat?post=155584"},{"taxonomy":"product_tag","embeddable":true,"href":"https:\/\/4room.lv\/lv\/wp-json\/wp\/v2\/product_tag?post=155584"}],"curies":[{"name":"wp","href":"https:\/\/api.w.org\/{rel}","templated":true}]}}