{"id":155600,"date":"2025-04-03T16:13:19","date_gmt":"2025-04-03T13:13:19","guid":{"rendered":"https:\/\/4room.lv\/?post_type=product&#038;p=155600"},"modified":"2026-03-13T11:02:29","modified_gmt":"2026-03-13T09:02:29","slug":"aludra-95-garden-light-seaside-black","status":"publish","type":"product","link":"https:\/\/4room.lv\/lv\/veikals\/apgaismojums\/ara\/aludra-95-garden-light-seaside-black\/","title":{"rendered":"Aludra 95 Garden light Seaside black"},"content":{"rendered":"","protected":false},"excerpt":{"rendered":"<p>Skulptur\u0101ls dizains un m\u016bsdien\u012bgs minim\u0101lisms ir Jacob Jensen Design s\u0113rijas Aludra atsl\u0113gv\u0101rdi. Univers\u0101ls d\u0101rza apgaismojums, kas rada skaistu gaismas un \u0113nu efektu. Viegli uzst\u0101d\u0101ms ar komplekt\u0101 iek\u013cauto pamatni. Gaismeklim nepeicie\u0161ama E27 spuldze, kas noz\u012bm\u0113 ka var\u0113siet izvel\u0113ties v\u0113lamu spektru un jaudu, k\u0101 ar\u012b v\u0113l\u0101k viegli nomain\u012bt uz jaunu.<\/p>\n<p>\u0160is produkts ir da\u013ca no\u00a0 &#8220;Designed For Seaside&#8221; kl\u0101sta, kas izstr\u0101d\u0101ts ar unik\u0101lu virsmas apstr\u0101di un kr\u0101su, lai iztur\u0113tu pat vissmag\u0101kos piekrastes laikapst\u0101k\u013cus.<\/p>\n<p>S\u0113rj\u0101 ir da\u017e\u0101di gaismek\u013ci, lai izgaismotu visu d\u0101rza teritoriju. Ja neatrodiet tos m\u016bsu lap\u0101, tad dro\u0161i v\u0113r\u0161aties pie mums.<\/p>\n","protected":false},"featured_media":155604,"template":"","meta":[],"product_cat":[127,150],"product_tag":[],"class_list":{"0":"post-155600","1":"product","2":"type-product","3":"status-publish","4":"has-post-thumbnail","6":"product_brand-nordlux","7":"product_cat-apgaismojums","8":"product_cat-ara","10":"first","11":"instock","12":"shipping-taxable","13":"purchasable","14":"product-type-simple","15":"hongo-alternate-image-wrap"},"_links":{"self":[{"href":"https:\/\/4room.lv\/lv\/wp-json\/wp\/v2\/product\/155600","targetHints":{"allow":["GET"]}}],"collection":[{"href":"https:\/\/4room.lv\/lv\/wp-json\/wp\/v2\/product"}],"about":[{"href":"https:\/\/4room.lv\/lv\/wp-json\/wp\/v2\/types\/product"}],"wp:featuredmedia":[{"embeddable":true,"href":"https:\/\/4room.lv\/lv\/wp-json\/wp\/v2\/media\/155604"}],"wp:attachment":[{"href":"https:\/\/4room.lv\/lv\/wp-json\/wp\/v2\/media?parent=155600"}],"wp:term":[{"taxonomy":"product_cat","embeddable":true,"href":"https:\/\/4room.lv\/lv\/wp-json\/wp\/v2\/product_cat?post=155600"},{"taxonomy":"product_tag","embeddable":true,"href":"https:\/\/4room.lv\/lv\/wp-json\/wp\/v2\/product_tag?post=155600"}],"curies":[{"name":"wp","href":"https:\/\/api.w.org\/{rel}","templated":true}]}}