{"id":155632,"date":"2025-04-03T17:00:38","date_gmt":"2025-04-03T14:00:38","guid":{"rendered":"https:\/\/4room.lv\/?post_type=product&#038;p=155632"},"modified":"2025-12-28T19:19:00","modified_gmt":"2025-12-28T17:19:00","slug":"dining-table-arda","status":"publish","type":"product","link":"https:\/\/4room.lv\/lv\/veikals\/mebeles\/galdi\/dining-table-arda\/","title":{"rendered":"Dining Table Arda"},"content":{"rendered":"","protected":false},"excerpt":{"rendered":"<p>Ja jums pat\u012bk vintage interjera siltums sav\u0101s m\u0101j\u0101s, bet ar m\u016bsdienu kvalit\u0101ti, Dutchbone Arda ir ide\u0101li piem\u0113rots jums. \u0160\u012bs s\u0113rijas m\u0113beles ir izgatavotas no koka dzi\u013c\u0101 riekstkoka ton\u012b. Tonis, kas lieliski kontrast\u0113 ar dab\u012bg\u0101 akmens virspuses kr\u0113m\u012bgo kr\u0101su. Galda koksni v\u0113l vair\u0101k izce\u013c rievotais raksts, kas interesenanti sasp\u0113l\u0113j\u0101s ar travert\u012bna rakstu.<\/p>\n<p>Travert\u012bns ir dab\u012bgs materi\u0101ls un t\u0101 raksts katram galdam b\u016bs ats\u0137ir\u012bgs un unik\u0101ls, tas var at\u0161\u0137irties ar\u012b ton\u0101li no att\u0113l\u0101 redzam\u0101.<\/p>\n","protected":false},"featured_media":155633,"template":"","meta":[],"product_cat":[129,142],"product_tag":[],"class_list":{"0":"post-155632","1":"product","2":"type-product","3":"status-publish","4":"has-post-thumbnail","6":"product_brand-dutch-bone","7":"product_brand-white-label-living","8":"product_brand-zuiver","9":"product_cat-mebeles","10":"product_cat-galdi","12":"first","13":"instock","14":"shipping-taxable","15":"purchasable","16":"product-type-simple","17":"hongo-alternate-image-wrap"},"_links":{"self":[{"href":"https:\/\/4room.lv\/lv\/wp-json\/wp\/v2\/product\/155632","targetHints":{"allow":["GET"]}}],"collection":[{"href":"https:\/\/4room.lv\/lv\/wp-json\/wp\/v2\/product"}],"about":[{"href":"https:\/\/4room.lv\/lv\/wp-json\/wp\/v2\/types\/product"}],"wp:featuredmedia":[{"embeddable":true,"href":"https:\/\/4room.lv\/lv\/wp-json\/wp\/v2\/media\/155633"}],"wp:attachment":[{"href":"https:\/\/4room.lv\/lv\/wp-json\/wp\/v2\/media?parent=155632"}],"wp:term":[{"taxonomy":"product_cat","embeddable":true,"href":"https:\/\/4room.lv\/lv\/wp-json\/wp\/v2\/product_cat?post=155632"},{"taxonomy":"product_tag","embeddable":true,"href":"https:\/\/4room.lv\/lv\/wp-json\/wp\/v2\/product_tag?post=155632"}],"curies":[{"name":"wp","href":"https:\/\/api.w.org\/{rel}","templated":true}]}}