{"id":155651,"date":"2025-04-03T17:11:03","date_gmt":"2025-04-03T14:11:03","guid":{"rendered":"https:\/\/4room.lv\/?post_type=product&#038;p=155651"},"modified":"2025-04-03T17:11:03","modified_gmt":"2025-04-03T14:11:03","slug":"8w-cob-led-cylinder","status":"publish","type":"product","link":"https:\/\/4room.lv\/lv\/veikals\/apgaismojums\/arhitekturalais\/8w-cob-led-cylinder\/","title":{"rendered":"8W COB LED Cylinder"},"content":{"rendered":"","protected":false},"excerpt":{"rendered":"<p>Neliels Led virsapmetuma gaismeklis ar optim\u0101lu gaismu, ne par spozu, ne par maz, vid\u0113j\u0101 le\u0146\u0137\u012b. To var\u0113s pielietot da\u017e\u0101d\u0101s telp\u0101s, da\u017e\u0101d\u0101m vajadz\u012bb\u0101m. Led ir padzi\u013cin\u0101ts gaismas komfortam.<\/p>\n","protected":false},"featured_media":155652,"template":"","meta":[],"product_cat":[127,148],"product_tag":[],"class_list":{"0":"post-155651","1":"product","2":"type-product","3":"status-publish","4":"has-post-thumbnail","6":"product_brand-onelight","7":"product_cat-apgaismojums","8":"product_cat-arhitekturalais","10":"first","11":"instock","12":"shipping-taxable","13":"purchasable","14":"product-type-simple"},"_links":{"self":[{"href":"https:\/\/4room.lv\/lv\/wp-json\/wp\/v2\/product\/155651","targetHints":{"allow":["GET"]}}],"collection":[{"href":"https:\/\/4room.lv\/lv\/wp-json\/wp\/v2\/product"}],"about":[{"href":"https:\/\/4room.lv\/lv\/wp-json\/wp\/v2\/types\/product"}],"wp:featuredmedia":[{"embeddable":true,"href":"https:\/\/4room.lv\/lv\/wp-json\/wp\/v2\/media\/155652"}],"wp:attachment":[{"href":"https:\/\/4room.lv\/lv\/wp-json\/wp\/v2\/media?parent=155651"}],"wp:term":[{"taxonomy":"product_cat","embeddable":true,"href":"https:\/\/4room.lv\/lv\/wp-json\/wp\/v2\/product_cat?post=155651"},{"taxonomy":"product_tag","embeddable":true,"href":"https:\/\/4room.lv\/lv\/wp-json\/wp\/v2\/product_tag?post=155651"}],"curies":[{"name":"wp","href":"https:\/\/api.w.org\/{rel}","templated":true}]}}