{"id":155684,"date":"2025-04-03T17:52:24","date_gmt":"2025-04-03T14:52:24","guid":{"rendered":"https:\/\/4room.lv\/?post_type=product&#038;p=155684"},"modified":"2025-04-03T17:52:24","modified_gmt":"2025-04-03T14:52:24","slug":"cala-pendant-light","status":"publish","type":"product","link":"https:\/\/4room.lv\/lv\/veikals\/apgaismojums\/dekorativais\/cala-pendant-light\/","title":{"rendered":"CALA pendant light"},"content":{"rendered":"","protected":false},"excerpt":{"rendered":"<p>Cala ir 10 trubi\u0146u gaismeklis, kur efekt\u012bg\u0101s zeltra trubas izk\u0101rtotas uz 30cm b\u0101zes, kas piesl\u0113dzama pie viena izvada. Trubi\u0146ai ir eleganta l\u0101ses forma, t\u0101s gal\u0101 ir skaista stikla l\u0113ca, kas l;ieliski izstaro gaismu uz virsmu. Gaismeklis izcili izska\u012bsies k\u0101pn\u0113s vai virs galda. Iesak\u0101m likt pie augstiem griestiem.<\/p>\n<p>Led ir ar Switch dimeri un variet p\u0101rsl\u0113gt gaismas intensit\u0101ti ar parasto majas sl\u0113dzi, izveloties k\u0101du no re\u017e\u012bmiem uz 100%\/50%\/25%, k\u0101 a\u0157\u012b var uz gaismek\u013ca b\u0101zes izv\u0113l\u0113ties spektru no 2300\/3000\/4000K<\/p>\n<p>Gaismeklis visefekt\u012bg\u0101k nolas\u0101s dz\u012bv\u0113. Esam Select vien\u012bgie p\u0101rst\u0101vji Latvij\u0101 un variet apl\u016bkot Select stendu pie mums salon\u0101! Stend\u0101 apskat\u0101ms ar\u012b \u0161is gaismeklis.<\/p>\n","protected":false},"featured_media":155685,"template":"","meta":[],"product_cat":[127,147],"product_tag":[],"class_list":{"0":"post-155684","1":"product","2":"type-product","3":"status-publish","4":"has-post-thumbnail","6":"product_brand-select","7":"product_cat-apgaismojums","8":"product_cat-dekorativais","10":"first","11":"instock","12":"shipping-taxable","13":"purchasable","14":"product-type-simple","15":"hongo-alternate-image-wrap"},"_links":{"self":[{"href":"https:\/\/4room.lv\/lv\/wp-json\/wp\/v2\/product\/155684","targetHints":{"allow":["GET"]}}],"collection":[{"href":"https:\/\/4room.lv\/lv\/wp-json\/wp\/v2\/product"}],"about":[{"href":"https:\/\/4room.lv\/lv\/wp-json\/wp\/v2\/types\/product"}],"wp:featuredmedia":[{"embeddable":true,"href":"https:\/\/4room.lv\/lv\/wp-json\/wp\/v2\/media\/155685"}],"wp:attachment":[{"href":"https:\/\/4room.lv\/lv\/wp-json\/wp\/v2\/media?parent=155684"}],"wp:term":[{"taxonomy":"product_cat","embeddable":true,"href":"https:\/\/4room.lv\/lv\/wp-json\/wp\/v2\/product_cat?post=155684"},{"taxonomy":"product_tag","embeddable":true,"href":"https:\/\/4room.lv\/lv\/wp-json\/wp\/v2\/product_tag?post=155684"}],"curies":[{"name":"wp","href":"https:\/\/api.w.org\/{rel}","templated":true}]}}