{"id":156053,"date":"2025-04-09T14:04:26","date_gmt":"2025-04-09T11:04:26","guid":{"rendered":"https:\/\/4room.lv\/?post_type=product&#038;p=156053"},"modified":"2025-12-28T19:18:59","modified_gmt":"2025-12-28T17:18:59","slug":"counter-stool-spike-natural-grey","status":"publish","type":"product","link":"https:\/\/4room.lv\/lv\/veikals\/mebeles\/kresli\/counter-stool-spike-natural-grey\/","title":{"rendered":"Counter Stool Spike Natural\/Grey"},"content":{"rendered":"","protected":false},"excerpt":{"rendered":"<p>Dizains kas izce\u013c\u0101s ar lielisk\u0101m proporcij\u0101m un m\u016bsdien\u012bg\u0101m form\u0101m. To\u0146i un materi\u0101li ir izvel\u0113ti, lai kr\u0113sls savu aktualit\u0101ti saglab\u0101tu vienm\u0113r. R\u016bp\u012bgi nostr\u0101d\u0101ta rotangas mugura stabil\u0101 koka r\u0101m\u012b ar met\u0101la deta\u013c\u0101m, m\u012bsktu auduma s\u0113\u017eu.<\/p>\n<p>Kr\u0113sls ir pusb\u0101ra augstum\u0101, s\u0113\u017ea ir 65cm augstu.<\/p>\n","protected":false},"featured_media":156069,"template":"","meta":[],"product_cat":[129,144],"product_tag":[],"class_list":{"0":"post-156053","1":"product","2":"type-product","3":"status-publish","4":"has-post-thumbnail","6":"product_brand-dutch-bone","7":"product_brand-white-label-living","8":"product_brand-zuiver","9":"product_cat-mebeles","10":"product_cat-kresli","12":"first","13":"instock","14":"shipping-taxable","15":"purchasable","16":"product-type-simple","17":"hongo-alternate-image-wrap"},"_links":{"self":[{"href":"https:\/\/4room.lv\/lv\/wp-json\/wp\/v2\/product\/156053","targetHints":{"allow":["GET"]}}],"collection":[{"href":"https:\/\/4room.lv\/lv\/wp-json\/wp\/v2\/product"}],"about":[{"href":"https:\/\/4room.lv\/lv\/wp-json\/wp\/v2\/types\/product"}],"wp:featuredmedia":[{"embeddable":true,"href":"https:\/\/4room.lv\/lv\/wp-json\/wp\/v2\/media\/156069"}],"wp:attachment":[{"href":"https:\/\/4room.lv\/lv\/wp-json\/wp\/v2\/media?parent=156053"}],"wp:term":[{"taxonomy":"product_cat","embeddable":true,"href":"https:\/\/4room.lv\/lv\/wp-json\/wp\/v2\/product_cat?post=156053"},{"taxonomy":"product_tag","embeddable":true,"href":"https:\/\/4room.lv\/lv\/wp-json\/wp\/v2\/product_tag?post=156053"}],"curies":[{"name":"wp","href":"https:\/\/api.w.org\/{rel}","templated":true}]}}