{"id":156088,"date":"2025-04-09T14:22:36","date_gmt":"2025-04-09T11:22:36","guid":{"rendered":"https:\/\/4room.lv\/?post_type=product&#038;p=156088"},"modified":"2025-12-28T19:18:59","modified_gmt":"2025-12-28T17:18:59","slug":"joa-chair-terra","status":"publish","type":"product","link":"https:\/\/4room.lv\/lv\/veikals\/mebeles\/kresli\/joa-chair-terra\/","title":{"rendered":"Joa Chair Terra"},"content":{"rendered":"","protected":false},"excerpt":{"rendered":"<p>M\u016bsdien\u012bgs \u0113damkr\u0113sls \u013coti aktu\u0101laj\u0101 terakotas ton\u012b. Tonis lielisksi saskan gan ar ko\u0161iem to\u0146iem, gan dabiskiem dabas to\u0146iem. Tam ir \u0113rta muguras da\u013ca, apvilkts ar audumu kam izteikts reljefs.<\/p>\n<p>&nbsp;<\/p>\n","protected":false},"featured_media":156101,"template":"","meta":[],"product_cat":[129,144],"product_tag":[],"class_list":{"0":"post-156088","1":"product","2":"type-product","3":"status-publish","4":"has-post-thumbnail","6":"product_brand-dutch-bone","7":"product_brand-white-label-living","8":"product_brand-zuiver","9":"product_cat-mebeles","10":"product_cat-kresli","12":"first","13":"instock","14":"shipping-taxable","15":"purchasable","16":"product-type-simple","17":"hongo-alternate-image-wrap"},"_links":{"self":[{"href":"https:\/\/4room.lv\/lv\/wp-json\/wp\/v2\/product\/156088","targetHints":{"allow":["GET"]}}],"collection":[{"href":"https:\/\/4room.lv\/lv\/wp-json\/wp\/v2\/product"}],"about":[{"href":"https:\/\/4room.lv\/lv\/wp-json\/wp\/v2\/types\/product"}],"wp:featuredmedia":[{"embeddable":true,"href":"https:\/\/4room.lv\/lv\/wp-json\/wp\/v2\/media\/156101"}],"wp:attachment":[{"href":"https:\/\/4room.lv\/lv\/wp-json\/wp\/v2\/media?parent=156088"}],"wp:term":[{"taxonomy":"product_cat","embeddable":true,"href":"https:\/\/4room.lv\/lv\/wp-json\/wp\/v2\/product_cat?post=156088"},{"taxonomy":"product_tag","embeddable":true,"href":"https:\/\/4room.lv\/lv\/wp-json\/wp\/v2\/product_tag?post=156088"}],"curies":[{"name":"wp","href":"https:\/\/api.w.org\/{rel}","templated":true}]}}