{"id":156107,"date":"2025-04-09T14:43:23","date_gmt":"2025-04-09T11:43:23","guid":{"rendered":"https:\/\/4room.lv\/?post_type=product&#038;p=156107"},"modified":"2025-04-09T14:43:23","modified_gmt":"2025-04-09T11:43:23","slug":"artist-table-lamp-black","status":"publish","type":"product","link":"https:\/\/4room.lv\/lv\/veikals\/apgaismojums\/dekorativais\/artist-table-lamp-black\/","title":{"rendered":"Artist Table lamp Black"},"content":{"rendered":"","protected":false},"excerpt":{"rendered":"<p>Jaunais modelis Artist s\u0113rij\u0101 no Nordlux. Tas saglab\u0101 kolekcijas elegant\u0101s formas. Gaismeklis ir ar Led moduli, kas rad\u012bs jaud\u012bgu, bet pat\u012bkami klied\u0113tu gaismu uz virsmu. Galva ir pavirz\u0101ma, lai variet viegl\u0101k piel\u0101got gaismas virzienu.<\/p>\n<p>&nbsp;<\/p>\n","protected":false},"featured_media":156108,"template":"","meta":[],"product_cat":[127,147],"product_tag":[],"class_list":{"0":"post-156107","1":"product","2":"type-product","3":"status-publish","4":"has-post-thumbnail","6":"product_brand-nordlux","7":"product_cat-apgaismojums","8":"product_cat-dekorativais","10":"first","11":"instock","12":"shipping-taxable","13":"purchasable","14":"product-type-simple","15":"hongo-alternate-image-wrap"},"_links":{"self":[{"href":"https:\/\/4room.lv\/lv\/wp-json\/wp\/v2\/product\/156107","targetHints":{"allow":["GET"]}}],"collection":[{"href":"https:\/\/4room.lv\/lv\/wp-json\/wp\/v2\/product"}],"about":[{"href":"https:\/\/4room.lv\/lv\/wp-json\/wp\/v2\/types\/product"}],"wp:featuredmedia":[{"embeddable":true,"href":"https:\/\/4room.lv\/lv\/wp-json\/wp\/v2\/media\/156108"}],"wp:attachment":[{"href":"https:\/\/4room.lv\/lv\/wp-json\/wp\/v2\/media?parent=156107"}],"wp:term":[{"taxonomy":"product_cat","embeddable":true,"href":"https:\/\/4room.lv\/lv\/wp-json\/wp\/v2\/product_cat?post=156107"},{"taxonomy":"product_tag","embeddable":true,"href":"https:\/\/4room.lv\/lv\/wp-json\/wp\/v2\/product_tag?post=156107"}],"curies":[{"name":"wp","href":"https:\/\/api.w.org\/{rel}","templated":true}]}}