{"id":156120,"date":"2025-04-09T15:10:21","date_gmt":"2025-04-09T12:10:21","guid":{"rendered":"https:\/\/4room.lv\/?post_type=product&#038;p=156120"},"modified":"2025-06-13T16:55:54","modified_gmt":"2025-06-13T13:55:54","slug":"5x9w-g9-decorative-pendant","status":"publish","type":"product","link":"https:\/\/4room.lv\/lv\/veikals\/apgaismojums\/dekorativais\/5x9w-g9-decorative-pendant\/","title":{"rendered":"5x9W G9 Decorative pendant"},"content":{"rendered":"","protected":false},"excerpt":{"rendered":"<p>Klasiska stila griestu gaismeklis uz met\u0101la stie\u0146a. Lustrai ir 6 balta stikla kupoli, kur katr\u0101 nepiecie\u0161ama G9 spuldze. Gaisma b\u016bs \u013coti maiga un pat\u012bkama.<\/p>\n<p>Gaismek\u013ca augstums nav regul\u0113jams.<\/p>\n","protected":false},"featured_media":156121,"template":"","meta":[],"product_cat":[127,147],"product_tag":[],"class_list":{"0":"post-156120","1":"product","2":"type-product","3":"status-publish","4":"has-post-thumbnail","6":"product_brand-onelight","7":"product_cat-apgaismojums","8":"product_cat-dekorativais","10":"first","11":"instock","12":"sale","13":"shipping-taxable","14":"purchasable","15":"product-type-simple"},"_links":{"self":[{"href":"https:\/\/4room.lv\/lv\/wp-json\/wp\/v2\/product\/156120","targetHints":{"allow":["GET"]}}],"collection":[{"href":"https:\/\/4room.lv\/lv\/wp-json\/wp\/v2\/product"}],"about":[{"href":"https:\/\/4room.lv\/lv\/wp-json\/wp\/v2\/types\/product"}],"wp:featuredmedia":[{"embeddable":true,"href":"https:\/\/4room.lv\/lv\/wp-json\/wp\/v2\/media\/156121"}],"wp:attachment":[{"href":"https:\/\/4room.lv\/lv\/wp-json\/wp\/v2\/media?parent=156120"}],"wp:term":[{"taxonomy":"product_cat","embeddable":true,"href":"https:\/\/4room.lv\/lv\/wp-json\/wp\/v2\/product_cat?post=156120"},{"taxonomy":"product_tag","embeddable":true,"href":"https:\/\/4room.lv\/lv\/wp-json\/wp\/v2\/product_tag?post=156120"}],"curies":[{"name":"wp","href":"https:\/\/api.w.org\/{rel}","templated":true}]}}