{"id":156202,"date":"2025-04-10T11:10:00","date_gmt":"2025-04-10T08:10:00","guid":{"rendered":"https:\/\/4room.lv\/?post_type=product&#038;p=156202"},"modified":"2025-04-10T11:10:01","modified_gmt":"2025-04-10T08:10:01","slug":"amalfi-i-natural-pendant","status":"publish","type":"product","link":"https:\/\/4room.lv\/lv\/veikals\/apgaismojums\/dekorativais\/amalfi-i-natural-pendant\/","title":{"rendered":"Amalfi I Natural Pendant"},"content":{"rendered":"","protected":false},"excerpt":{"rendered":"<p>Iek\u0101rt gaismeklis no pap\u012bra stri\u0137a, kas rada skaistu un dabisku efektu. Gaismeklis met\u012bs dekorat\u012bvas \u0113nas pateicoties vertik\u0101laj\u0101m p\u012bn\u0113m. Nepiecie\u0161ama 1 E27 spuldze un to variet izv\u0113l\u0113ties vai dekorat\u012bvu noska\u0146as gaismai vai jaud\u012bgu, ja nepeicie\u0161ama vairak gaisma.<\/p>\n<p>&nbsp;<\/p>\n","protected":false},"featured_media":156209,"template":"","meta":[],"product_cat":[127,147],"product_tag":[],"class_list":{"0":"post-156202","1":"product","2":"type-product","3":"status-publish","4":"has-post-thumbnail","6":"product_brand-maxlight","7":"product_cat-apgaismojums","8":"product_cat-dekorativais","10":"first","11":"instock","12":"shipping-taxable","13":"purchasable","14":"product-type-simple","15":"hongo-alternate-image-wrap"},"_links":{"self":[{"href":"https:\/\/4room.lv\/lv\/wp-json\/wp\/v2\/product\/156202","targetHints":{"allow":["GET"]}}],"collection":[{"href":"https:\/\/4room.lv\/lv\/wp-json\/wp\/v2\/product"}],"about":[{"href":"https:\/\/4room.lv\/lv\/wp-json\/wp\/v2\/types\/product"}],"wp:featuredmedia":[{"embeddable":true,"href":"https:\/\/4room.lv\/lv\/wp-json\/wp\/v2\/media\/156209"}],"wp:attachment":[{"href":"https:\/\/4room.lv\/lv\/wp-json\/wp\/v2\/media?parent=156202"}],"wp:term":[{"taxonomy":"product_cat","embeddable":true,"href":"https:\/\/4room.lv\/lv\/wp-json\/wp\/v2\/product_cat?post=156202"},{"taxonomy":"product_tag","embeddable":true,"href":"https:\/\/4room.lv\/lv\/wp-json\/wp\/v2\/product_tag?post=156202"}],"curies":[{"name":"wp","href":"https:\/\/api.w.org\/{rel}","templated":true}]}}