{"id":156215,"date":"2025-06-10T11:22:45","date_gmt":"2025-06-10T08:22:45","guid":{"rendered":"https:\/\/4room.lv\/?post_type=product&#038;p=156215"},"modified":"2025-10-17T10:52:03","modified_gmt":"2025-10-17T07:52:03","slug":"nolan-desk-chair","status":"publish","type":"product","link":"https:\/\/4room.lv\/lv\/veikals\/biroja-mebeles\/biroja-kresli\/nolan-desk-chair\/","title":{"rendered":"Nolan desk chair"},"content":{"rendered":"","protected":false},"excerpt":{"rendered":"<p>\u0112rts un simp\u0101tiska dizaina darba kr\u0113sls b\u0113\u0161\u0101 audum\u0101 ar roku balstiem. Uz ritenti\u0146iem un regul\u0113jamu augstumu.<\/p>\n","protected":false},"featured_media":156216,"template":"","meta":[],"product_cat":[131,337,129,144],"product_tag":[],"class_list":{"0":"post-156215","1":"product","2":"type-product","3":"status-publish","4":"has-post-thumbnail","6":"product_cat-biroja-mebeles","7":"product_cat-biroja-kresli","8":"product_cat-mebeles","9":"product_cat-kresli","11":"first","12":"instock","13":"sale","14":"shipping-taxable","15":"purchasable","16":"product-type-simple","17":"hongo-alternate-image-wrap"},"_links":{"self":[{"href":"https:\/\/4room.lv\/lv\/wp-json\/wp\/v2\/product\/156215","targetHints":{"allow":["GET"]}}],"collection":[{"href":"https:\/\/4room.lv\/lv\/wp-json\/wp\/v2\/product"}],"about":[{"href":"https:\/\/4room.lv\/lv\/wp-json\/wp\/v2\/types\/product"}],"wp:featuredmedia":[{"embeddable":true,"href":"https:\/\/4room.lv\/lv\/wp-json\/wp\/v2\/media\/156216"}],"wp:attachment":[{"href":"https:\/\/4room.lv\/lv\/wp-json\/wp\/v2\/media?parent=156215"}],"wp:term":[{"taxonomy":"product_cat","embeddable":true,"href":"https:\/\/4room.lv\/lv\/wp-json\/wp\/v2\/product_cat?post=156215"},{"taxonomy":"product_tag","embeddable":true,"href":"https:\/\/4room.lv\/lv\/wp-json\/wp\/v2\/product_tag?post=156215"}],"curies":[{"name":"wp","href":"https:\/\/api.w.org\/{rel}","templated":true}]}}