{"id":156241,"date":"2025-04-10T14:18:57","date_gmt":"2025-04-10T11:18:57","guid":{"rendered":"https:\/\/4room.lv\/?post_type=product&#038;p=156241"},"modified":"2025-04-10T14:19:32","modified_gmt":"2025-04-10T11:19:32","slug":"battery-lamp-ai","status":"publish","type":"product","link":"https:\/\/4room.lv\/lv\/veikals\/apgaismojums\/dekorativais\/battery-lamp-ai\/","title":{"rendered":"Battery lamp AI"},"content":{"rendered":"","protected":false},"excerpt":{"rendered":"<p>Uz bateriju l\u0101d\u0113jams galda gaismeklis, kas ir dekorat\u012bvs un praktisks. Gaismelis ir stikla v\u0101z\u012bte un\u00a0 Led modulis sp\u012bd no aug\u0161as uz leju, l\u012bdz ar to ja v\u0101z\u012bt\u0113 ieliksiet k\u0101du augu vai citu dekora elementu, tad gaisma to skaisti apsp\u012bd\u0113s un izcels. Gaismeklim ir Toush podzi\u0146a, ar kuru var dimm\u0113t un regul\u0113t gaismas spektru.<\/p>\n<p>&nbsp;<\/p>\n<p>&nbsp;<\/p>\n","protected":false},"featured_media":156248,"template":"","meta":[],"product_cat":[127,147],"product_tag":[],"class_list":{"0":"post-156241","1":"product","2":"type-product","3":"status-publish","4":"has-post-thumbnail","6":"product_brand-maytoni","7":"product_cat-apgaismojums","8":"product_cat-dekorativais","10":"first","11":"instock","12":"shipping-taxable","13":"purchasable","14":"product-type-simple","15":"hongo-alternate-image-wrap"},"_links":{"self":[{"href":"https:\/\/4room.lv\/lv\/wp-json\/wp\/v2\/product\/156241","targetHints":{"allow":["GET"]}}],"collection":[{"href":"https:\/\/4room.lv\/lv\/wp-json\/wp\/v2\/product"}],"about":[{"href":"https:\/\/4room.lv\/lv\/wp-json\/wp\/v2\/types\/product"}],"wp:featuredmedia":[{"embeddable":true,"href":"https:\/\/4room.lv\/lv\/wp-json\/wp\/v2\/media\/156248"}],"wp:attachment":[{"href":"https:\/\/4room.lv\/lv\/wp-json\/wp\/v2\/media?parent=156241"}],"wp:term":[{"taxonomy":"product_cat","embeddable":true,"href":"https:\/\/4room.lv\/lv\/wp-json\/wp\/v2\/product_cat?post=156241"},{"taxonomy":"product_tag","embeddable":true,"href":"https:\/\/4room.lv\/lv\/wp-json\/wp\/v2\/product_tag?post=156241"}],"curies":[{"name":"wp","href":"https:\/\/api.w.org\/{rel}","templated":true}]}}