{"id":156257,"date":"2025-04-10T14:38:05","date_gmt":"2025-04-10T11:38:05","guid":{"rendered":"https:\/\/4room.lv\/?post_type=product&#038;p=156257"},"modified":"2025-12-28T19:18:59","modified_gmt":"2025-12-28T17:18:59","slug":"table-twist-oval-walnut","status":"publish","type":"product","link":"https:\/\/4room.lv\/lv\/veikals\/mebeles\/galdi\/table-twist-oval-walnut\/","title":{"rendered":"Table Twist Oval Walnut"},"content":{"rendered":"","protected":false},"excerpt":{"rendered":"<p>Izvelkams galds kas neb\u016bs mas\u012bvs un saglab\u0101 vieglumu sav\u0101 proporcij\u0101. Galdam ir skaista ovala virsma un elegantas noapa\u013cotas k\u0101jas. Tas ir lakots valrieksta ton\u012b, ta\u010du saglab\u0101 redzamu koka fakt\u016bras rakstu, kas rada skaistu un m\u0101j\u012bgu akcentu.<\/p>\n","protected":false},"featured_media":156267,"template":"","meta":[],"product_cat":[129,142],"product_tag":[],"class_list":{"0":"post-156257","1":"product","2":"type-product","3":"status-publish","4":"has-post-thumbnail","6":"product_brand-dutch-bone","7":"product_brand-white-label-living","8":"product_brand-zuiver","9":"product_cat-mebeles","10":"product_cat-galdi","12":"first","13":"instock","14":"shipping-taxable","15":"purchasable","16":"product-type-simple","17":"hongo-alternate-image-wrap"},"_links":{"self":[{"href":"https:\/\/4room.lv\/lv\/wp-json\/wp\/v2\/product\/156257","targetHints":{"allow":["GET"]}}],"collection":[{"href":"https:\/\/4room.lv\/lv\/wp-json\/wp\/v2\/product"}],"about":[{"href":"https:\/\/4room.lv\/lv\/wp-json\/wp\/v2\/types\/product"}],"wp:featuredmedia":[{"embeddable":true,"href":"https:\/\/4room.lv\/lv\/wp-json\/wp\/v2\/media\/156267"}],"wp:attachment":[{"href":"https:\/\/4room.lv\/lv\/wp-json\/wp\/v2\/media?parent=156257"}],"wp:term":[{"taxonomy":"product_cat","embeddable":true,"href":"https:\/\/4room.lv\/lv\/wp-json\/wp\/v2\/product_cat?post=156257"},{"taxonomy":"product_tag","embeddable":true,"href":"https:\/\/4room.lv\/lv\/wp-json\/wp\/v2\/product_tag?post=156257"}],"curies":[{"name":"wp","href":"https:\/\/api.w.org\/{rel}","templated":true}]}}