{"id":156328,"date":"2025-10-10T12:29:47","date_gmt":"2025-10-10T09:29:47","guid":{"rendered":"https:\/\/4room.lv\/?post_type=product&#038;p=156328"},"modified":"2025-10-17T10:51:36","modified_gmt":"2025-10-17T07:51:36","slug":"addi-lounge-chair","status":"publish","type":"product","link":"https:\/\/4room.lv\/lv\/veikals\/mebeles\/kresli\/addi-lounge-chair\/","title":{"rendered":"Addi lounge chair"},"content":{"rendered":"","protected":false},"excerpt":{"rendered":"<p>Japandi stila atp\u016btas kr\u0113sls e\u013c\u013cota ozolkoka r\u0101m\u012b, b\u0113\u0161\u0101 audum\u0101 ar izteiktu reljefu. Kr\u0113slam ir plata un \u0113rta s\u0113\u017eas da\u013ca, ar m\u012bkstin\u0101tu muguru un pat\u012bkamiem roku balstiem.<\/p>\n<p>Kr\u0113sls ienes\u012bs m\u0101j\u012bgu noska\u0146u un dab\u012bgie materi\u0101li un to\u0146i aktualit\u0101ti saglab\u0101s gadiem.<\/p>\n","protected":false},"featured_media":156335,"template":"","meta":[],"product_cat":[129,144],"product_tag":[],"class_list":{"0":"post-156328","1":"product","2":"type-product","3":"status-publish","4":"has-post-thumbnail","6":"product_cat-mebeles","7":"product_cat-kresli","9":"first","10":"instock","11":"sale","12":"shipping-taxable","13":"purchasable","14":"product-type-simple","15":"hongo-alternate-image-wrap"},"_links":{"self":[{"href":"https:\/\/4room.lv\/lv\/wp-json\/wp\/v2\/product\/156328","targetHints":{"allow":["GET"]}}],"collection":[{"href":"https:\/\/4room.lv\/lv\/wp-json\/wp\/v2\/product"}],"about":[{"href":"https:\/\/4room.lv\/lv\/wp-json\/wp\/v2\/types\/product"}],"wp:featuredmedia":[{"embeddable":true,"href":"https:\/\/4room.lv\/lv\/wp-json\/wp\/v2\/media\/156335"}],"wp:attachment":[{"href":"https:\/\/4room.lv\/lv\/wp-json\/wp\/v2\/media?parent=156328"}],"wp:term":[{"taxonomy":"product_cat","embeddable":true,"href":"https:\/\/4room.lv\/lv\/wp-json\/wp\/v2\/product_cat?post=156328"},{"taxonomy":"product_tag","embeddable":true,"href":"https:\/\/4room.lv\/lv\/wp-json\/wp\/v2\/product_tag?post=156328"}],"curies":[{"name":"wp","href":"https:\/\/api.w.org\/{rel}","templated":true}]}}