{"id":156364,"date":"2025-04-11T13:08:38","date_gmt":"2025-04-11T10:08:38","guid":{"rendered":"https:\/\/4room.lv\/?post_type=product&#038;p=156364"},"modified":"2025-04-11T13:08:38","modified_gmt":"2025-04-11T10:08:38","slug":"axis-ceiling-lamp","status":"publish","type":"product","link":"https:\/\/4room.lv\/lv\/veikals\/apgaismojums\/dekorativais\/axis-ceiling-lamp\/","title":{"rendered":"Axis ceiling lamp"},"content":{"rendered":"","protected":false},"excerpt":{"rendered":"<p>M\u016bsdien\u012bgs un elegants Led gaismeklis. Tam virz\u0101mi zari, katrs ar jaud\u012bgu Led. Pati konstrukcija no met\u0101la, skaist\u0101 misi\u0146a ton\u012b. Gaismeklis veiksm\u012bgi apvieno klasiku un modernismu, radot unik\u0101lu dizaina objektu, bet kas ar\u012b dos pietiekamu apgaismojumu pla\u0161ai telpai.<\/p>\n","protected":false},"featured_media":156365,"template":"","meta":[],"product_cat":[127,147],"product_tag":[],"class_list":{"0":"post-156364","1":"product","2":"type-product","3":"status-publish","4":"has-post-thumbnail","6":"product_brand-maytoni","7":"product_cat-apgaismojums","8":"product_cat-dekorativais","10":"first","11":"instock","12":"sale","13":"shipping-taxable","14":"purchasable","15":"product-type-simple","16":"hongo-alternate-image-wrap"},"_links":{"self":[{"href":"https:\/\/4room.lv\/lv\/wp-json\/wp\/v2\/product\/156364","targetHints":{"allow":["GET"]}}],"collection":[{"href":"https:\/\/4room.lv\/lv\/wp-json\/wp\/v2\/product"}],"about":[{"href":"https:\/\/4room.lv\/lv\/wp-json\/wp\/v2\/types\/product"}],"wp:featuredmedia":[{"embeddable":true,"href":"https:\/\/4room.lv\/lv\/wp-json\/wp\/v2\/media\/156365"}],"wp:attachment":[{"href":"https:\/\/4room.lv\/lv\/wp-json\/wp\/v2\/media?parent=156364"}],"wp:term":[{"taxonomy":"product_cat","embeddable":true,"href":"https:\/\/4room.lv\/lv\/wp-json\/wp\/v2\/product_cat?post=156364"},{"taxonomy":"product_tag","embeddable":true,"href":"https:\/\/4room.lv\/lv\/wp-json\/wp\/v2\/product_tag?post=156364"}],"curies":[{"name":"wp","href":"https:\/\/api.w.org\/{rel}","templated":true}]}}