{"id":156469,"date":"2025-04-11T17:56:25","date_gmt":"2025-04-11T14:56:25","guid":{"rendered":"https:\/\/4room.lv\/?post_type=product&#038;p=156469"},"modified":"2025-04-11T17:56:25","modified_gmt":"2025-04-11T14:56:25","slug":"ixa-arm-wall-yellow","status":"publish","type":"product","link":"https:\/\/4room.lv\/lv\/veikals\/apgaismojums\/dekorativais\/ixa-arm-wall-yellow\/","title":{"rendered":"Ixa &#8211; Arm Wall &#8211; Yellow"},"content":{"rendered":"","protected":false},"excerpt":{"rendered":"<p>Viens no jaun\u0101kajiem Artemide mode\u013ciem Ixa p\u0101rsteidz ar unik\u0101lu un m\u016bsdien\u012bgu dizainu, fantastiskos to\u0146os. Gaismeklsi ir lok\u0101ma k\u0101ja, lai to var\u0113tu regulet p\u0113c sirds patikas. Izteiksm\u012bgs un praktisks risin\u0101jums dizaina cien\u012bt\u0101jiem.<\/p>\n","protected":false},"featured_media":156470,"template":"","meta":[],"product_cat":[1058,127,147],"product_tag":[],"class_list":{"0":"post-156469","1":"product","2":"type-product","3":"status-publish","4":"has-post-thumbnail","6":"product_brand-artemide","7":"product_cat-dizaina","8":"product_cat-apgaismojums","9":"product_cat-dekorativais","11":"first","12":"instock","13":"shipping-taxable","14":"purchasable","15":"product-type-simple","16":"hongo-alternate-image-wrap"},"_links":{"self":[{"href":"https:\/\/4room.lv\/lv\/wp-json\/wp\/v2\/product\/156469","targetHints":{"allow":["GET"]}}],"collection":[{"href":"https:\/\/4room.lv\/lv\/wp-json\/wp\/v2\/product"}],"about":[{"href":"https:\/\/4room.lv\/lv\/wp-json\/wp\/v2\/types\/product"}],"wp:featuredmedia":[{"embeddable":true,"href":"https:\/\/4room.lv\/lv\/wp-json\/wp\/v2\/media\/156470"}],"wp:attachment":[{"href":"https:\/\/4room.lv\/lv\/wp-json\/wp\/v2\/media?parent=156469"}],"wp:term":[{"taxonomy":"product_cat","embeddable":true,"href":"https:\/\/4room.lv\/lv\/wp-json\/wp\/v2\/product_cat?post=156469"},{"taxonomy":"product_tag","embeddable":true,"href":"https:\/\/4room.lv\/lv\/wp-json\/wp\/v2\/product_tag?post=156469"}],"curies":[{"name":"wp","href":"https:\/\/api.w.org\/{rel}","templated":true}]}}