{"id":156479,"date":"2025-04-14T16:05:39","date_gmt":"2025-04-14T13:05:39","guid":{"rendered":"https:\/\/4room.lv\/?post_type=product&#038;p=156479"},"modified":"2025-04-14T16:21:29","modified_gmt":"2025-04-14T13:21:29","slug":"10x7w-gu10-pendant","status":"publish","type":"product","link":"https:\/\/4room.lv\/lv\/veikals\/apgaismojums\/dekorativais\/10x7w-gu10-pendant\/","title":{"rendered":"10x7W GU10 pendant"},"content":{"rendered":"","protected":false},"excerpt":{"rendered":"<p>Iekarin\u0101ms met\u0101la ri\u0146\u0137is tros\u0113s, ar atsevi\u0161\u0137u pievadu elektr\u012bbai. Kas noz\u012bm\u0113 \u0113rtu uzst\u0101d\u012b\u0161anu, ar\u012b tad ja izvada vieta nav centr\u0101 gaismeklim. Gaismeklim ir 10 cilindri kur nepiecie\u0161amas GU 10 spuldzes. Gaisma kr\u012bt uz leju, no s\u0101na nav trauc\u0113jo\u0161a un b\u016bs lieliska virs galda vai virs konkr\u0113tas zonas, t\u0101s izgaismo\u0161anai.<\/p>\n","protected":false},"featured_media":156480,"template":"","meta":[],"product_cat":[127,148,147],"product_tag":[],"class_list":{"0":"post-156479","1":"product","2":"type-product","3":"status-publish","4":"has-post-thumbnail","6":"product_brand-onelight","7":"product_cat-apgaismojums","8":"product_cat-arhitekturalais","9":"product_cat-dekorativais","11":"first","12":"instock","13":"shipping-taxable","14":"purchasable","15":"product-type-simple"},"_links":{"self":[{"href":"https:\/\/4room.lv\/lv\/wp-json\/wp\/v2\/product\/156479","targetHints":{"allow":["GET"]}}],"collection":[{"href":"https:\/\/4room.lv\/lv\/wp-json\/wp\/v2\/product"}],"about":[{"href":"https:\/\/4room.lv\/lv\/wp-json\/wp\/v2\/types\/product"}],"wp:featuredmedia":[{"embeddable":true,"href":"https:\/\/4room.lv\/lv\/wp-json\/wp\/v2\/media\/156480"}],"wp:attachment":[{"href":"https:\/\/4room.lv\/lv\/wp-json\/wp\/v2\/media?parent=156479"}],"wp:term":[{"taxonomy":"product_cat","embeddable":true,"href":"https:\/\/4room.lv\/lv\/wp-json\/wp\/v2\/product_cat?post=156479"},{"taxonomy":"product_tag","embeddable":true,"href":"https:\/\/4room.lv\/lv\/wp-json\/wp\/v2\/product_tag?post=156479"}],"curies":[{"name":"wp","href":"https:\/\/api.w.org\/{rel}","templated":true}]}}