{"id":156496,"date":"2025-04-16T10:05:02","date_gmt":"2025-04-16T07:05:02","guid":{"rendered":"https:\/\/4room.lv\/?post_type=product&#038;p=156496"},"modified":"2025-04-16T10:05:02","modified_gmt":"2025-04-16T07:05:02","slug":"pendant-lamp-ambience","status":"publish","type":"product","link":"https:\/\/4room.lv\/lv\/veikals\/apgaismojums\/dekorativais\/pendant-lamp-ambience\/","title":{"rendered":"Pendant lamp Ambience"},"content":{"rendered":"","protected":false},"excerpt":{"rendered":"<p>M\u016bsdien\u012bgs Led gaismeklis. Uz leju gaismeklis izgaismo virsmu ar tie\u0161o gaismu no punktveida Led diod\u0113m. Uz aug\u0161u izgaismo, kas atsp\u012bd pret balto met\u0101la \u0161\u0137\u012bvi radot pat\u012bkamu ambiences gaismu, kam par godu ar\u012b lampas noskaumums. Gaismeklis ir ar\u012b dim\u0113jams.<\/p>\n","protected":false},"featured_media":156509,"template":"","meta":[],"product_cat":[127,148,147],"product_tag":[],"class_list":{"0":"post-156496","1":"product","2":"type-product","3":"status-publish","4":"has-post-thumbnail","6":"product_brand-maytoni","7":"product_cat-apgaismojums","8":"product_cat-arhitekturalais","9":"product_cat-dekorativais","11":"first","12":"instock","13":"shipping-taxable","14":"purchasable","15":"product-type-simple","16":"hongo-alternate-image-wrap"},"_links":{"self":[{"href":"https:\/\/4room.lv\/lv\/wp-json\/wp\/v2\/product\/156496","targetHints":{"allow":["GET"]}}],"collection":[{"href":"https:\/\/4room.lv\/lv\/wp-json\/wp\/v2\/product"}],"about":[{"href":"https:\/\/4room.lv\/lv\/wp-json\/wp\/v2\/types\/product"}],"wp:featuredmedia":[{"embeddable":true,"href":"https:\/\/4room.lv\/lv\/wp-json\/wp\/v2\/media\/156509"}],"wp:attachment":[{"href":"https:\/\/4room.lv\/lv\/wp-json\/wp\/v2\/media?parent=156496"}],"wp:term":[{"taxonomy":"product_cat","embeddable":true,"href":"https:\/\/4room.lv\/lv\/wp-json\/wp\/v2\/product_cat?post=156496"},{"taxonomy":"product_tag","embeddable":true,"href":"https:\/\/4room.lv\/lv\/wp-json\/wp\/v2\/product_tag?post=156496"}],"curies":[{"name":"wp","href":"https:\/\/api.w.org\/{rel}","templated":true}]}}