{"id":156578,"date":"2025-04-17T12:01:27","date_gmt":"2025-04-17T09:01:27","guid":{"rendered":"https:\/\/4room.lv\/?post_type=product&#038;p=156578"},"modified":"2025-04-17T12:01:54","modified_gmt":"2025-04-17T09:01:54","slug":"3f-sliedes-komplekts-virsapmetuma-2m-ar-komponentem-un-5gab-gu10-spotiem-balta","status":"publish","type":"product","link":"https:\/\/4room.lv\/lv\/veikals\/apgaismojums\/arhitekturalais\/3f-sliedes-komplekts-virsapmetuma-2m-ar-komponentem-un-5gab-gu10-spotiem-balta\/","title":{"rendered":"3F Sliedes komplekts &#8211;  Balta virsapmetuma sliede 2m ar komponent\u0113m un 5gab GU10 spotiem"},"content":{"rendered":"","protected":false},"excerpt":{"rendered":"<p>Virsapmetuma tr\u012bsf\u0101\u017eu sliede balrt\u0101 kr\u0101s\u0101 ar eletr\u012bbas pievadi un nosl\u0113gu, k\u0101 ar\u012b 5gab regul\u0113jamiem spot gaismek\u013ciem komplekt\u0101. Gaismek\u013ciem nepiecie\u0161ama GU 1o spuldze.<\/p>\n<p>Sliedi ir iesp\u0113jams sl\u0113gt uz dal\u012btiem sl\u0113d\u017eiem un dim\u0113t, ja izvel\u0101s dim\u0113jamas spuldzes spot gaismek\u013ciem.<\/p>\n<p>\u0160i sliedei ir pal\u0161as izmanto\u0161anas iesp\u0113jas, to var kombin\u0113t, griezt p\u0113c vajad\u017e\u012bbas, iek\u0101rt tros\u0113s, miks\u0113t da\u017e\u0101da veida gaismek\u013cus. KJa nepiecie\u0161ama cita komplekt\u0101cija vai vienk\u0101r\u0161\u012b v\u0113laties uzzin\u0101t vair\u0101k, tad dro\u0161i v\u0113r\u0161aties pie mums.<\/p>\n","protected":false},"featured_media":156588,"template":"","meta":[],"product_cat":[127,148,149],"product_tag":[],"class_list":{"0":"post-156578","1":"product","2":"type-product","3":"status-publish","4":"has-post-thumbnail","6":"product_brand-onelight","7":"product_cat-apgaismojums","8":"product_cat-arhitekturalais","9":"product_cat-industrialais","11":"first","12":"instock","13":"shipping-taxable","14":"purchasable","15":"product-type-simple","16":"hongo-alternate-image-wrap"},"_links":{"self":[{"href":"https:\/\/4room.lv\/lv\/wp-json\/wp\/v2\/product\/156578","targetHints":{"allow":["GET"]}}],"collection":[{"href":"https:\/\/4room.lv\/lv\/wp-json\/wp\/v2\/product"}],"about":[{"href":"https:\/\/4room.lv\/lv\/wp-json\/wp\/v2\/types\/product"}],"wp:featuredmedia":[{"embeddable":true,"href":"https:\/\/4room.lv\/lv\/wp-json\/wp\/v2\/media\/156588"}],"wp:attachment":[{"href":"https:\/\/4room.lv\/lv\/wp-json\/wp\/v2\/media?parent=156578"}],"wp:term":[{"taxonomy":"product_cat","embeddable":true,"href":"https:\/\/4room.lv\/lv\/wp-json\/wp\/v2\/product_cat?post=156578"},{"taxonomy":"product_tag","embeddable":true,"href":"https:\/\/4room.lv\/lv\/wp-json\/wp\/v2\/product_tag?post=156578"}],"curies":[{"name":"wp","href":"https:\/\/api.w.org\/{rel}","templated":true}]}}