{"id":156597,"date":"2025-04-17T12:15:25","date_gmt":"2025-04-17T09:15:25","guid":{"rendered":"https:\/\/4room.lv\/?post_type=product&#038;p=156597"},"modified":"2025-12-28T19:18:59","modified_gmt":"2025-12-28T17:18:59","slug":"bistro-table-snow-brown-rice","status":"publish","type":"product","link":"https:\/\/4room.lv\/lv\/veikals\/mebeles\/galdi\/bistro-table-snow-brown-rice\/","title":{"rendered":"Bistro Table Snow Brown Rice"},"content":{"rendered":"","protected":false},"excerpt":{"rendered":"<p>Galdi\u0146\u0161 kas b\u016bs lielisks iek\u0161telp\u0101s, bet piem\u0113rots ar\u012b lieto\u0161anai \u0101r\u0101. Tam ir nerus\u0113jo\u0161s materi\u0101ls, kas apstr\u0101d\u0101ts, lai vasaras lieti to nebied\u0113tu. M\u016bsdien\u012bga proporcija un aktu\u0101ls tonis, ko b\u016bs \u0113rti pieska\u0146ot videi.<\/p>\n","protected":false},"featured_media":156601,"template":"","meta":[],"product_cat":[129,142],"product_tag":[],"class_list":{"0":"post-156597","1":"product","2":"type-product","3":"status-publish","4":"has-post-thumbnail","6":"product_brand-dutch-bone","7":"product_brand-white-label-living","8":"product_brand-zuiver","9":"product_cat-mebeles","10":"product_cat-galdi","12":"first","13":"instock","14":"shipping-taxable","15":"purchasable","16":"product-type-simple","17":"hongo-alternate-image-wrap"},"_links":{"self":[{"href":"https:\/\/4room.lv\/lv\/wp-json\/wp\/v2\/product\/156597","targetHints":{"allow":["GET"]}}],"collection":[{"href":"https:\/\/4room.lv\/lv\/wp-json\/wp\/v2\/product"}],"about":[{"href":"https:\/\/4room.lv\/lv\/wp-json\/wp\/v2\/types\/product"}],"wp:featuredmedia":[{"embeddable":true,"href":"https:\/\/4room.lv\/lv\/wp-json\/wp\/v2\/media\/156601"}],"wp:attachment":[{"href":"https:\/\/4room.lv\/lv\/wp-json\/wp\/v2\/media?parent=156597"}],"wp:term":[{"taxonomy":"product_cat","embeddable":true,"href":"https:\/\/4room.lv\/lv\/wp-json\/wp\/v2\/product_cat?post=156597"},{"taxonomy":"product_tag","embeddable":true,"href":"https:\/\/4room.lv\/lv\/wp-json\/wp\/v2\/product_tag?post=156597"}],"curies":[{"name":"wp","href":"https:\/\/api.w.org\/{rel}","templated":true}]}}