{"id":156626,"date":"2025-04-17T14:45:56","date_gmt":"2025-04-17T11:45:56","guid":{"rendered":"https:\/\/4room.lv\/?post_type=product&#038;p=156626"},"modified":"2025-04-17T14:45:56","modified_gmt":"2025-04-17T11:45:56","slug":"torino-table-lamp","status":"publish","type":"product","link":"https:\/\/4room.lv\/lv\/veikals\/apgaismojums\/dekorativais\/torino-table-lamp\/","title":{"rendered":"Torino table lamp"},"content":{"rendered":"","protected":false},"excerpt":{"rendered":"<p>Torino ir ide\u0101la stila, elegances un daudzpus\u012bbas kombin\u0101cija, kas izstr\u0101d\u0101ta, lai piel\u0101gotos jebkurai videi, s\u0101kot no profesion\u0101las l\u012bdz dz\u012bvojamai videi. Lampa izce\u013cas ar savu izsmalcin\u0101to siluetu un \u0161arn\u012brveida sviru ar regul\u0113jamu galvi\u0146u, kas apr\u012bkota ar piesk\u0101riena dimmeru.<\/p>\n<p>To ar\u012b p\u0113c izv\u0113les var savienot ar galda pamatni, skavu vai sienas kron\u0161teinu. Pieejams da\u017e\u0101dos to\u0146os.<\/p>\n<p>Designed by\u00a0<a class=\"font-bold hover:underline\" href=\"https:\/\/www.stilnovo.com\/en\/designers\/\">Shigeaki Asahara<\/a>, 2024<\/p>\n","protected":false},"featured_media":156630,"template":"","meta":[],"product_cat":[1058,127,147],"product_tag":[],"class_list":{"0":"post-156626","1":"product","2":"type-product","3":"status-publish","4":"has-post-thumbnail","6":"product_brand-stilnovo","7":"product_cat-dizaina","8":"product_cat-apgaismojums","9":"product_cat-dekorativais","11":"first","12":"instock","13":"shipping-taxable","14":"purchasable","15":"product-type-simple","16":"hongo-alternate-image-wrap"},"_links":{"self":[{"href":"https:\/\/4room.lv\/lv\/wp-json\/wp\/v2\/product\/156626","targetHints":{"allow":["GET"]}}],"collection":[{"href":"https:\/\/4room.lv\/lv\/wp-json\/wp\/v2\/product"}],"about":[{"href":"https:\/\/4room.lv\/lv\/wp-json\/wp\/v2\/types\/product"}],"wp:featuredmedia":[{"embeddable":true,"href":"https:\/\/4room.lv\/lv\/wp-json\/wp\/v2\/media\/156630"}],"wp:attachment":[{"href":"https:\/\/4room.lv\/lv\/wp-json\/wp\/v2\/media?parent=156626"}],"wp:term":[{"taxonomy":"product_cat","embeddable":true,"href":"https:\/\/4room.lv\/lv\/wp-json\/wp\/v2\/product_cat?post=156626"},{"taxonomy":"product_tag","embeddable":true,"href":"https:\/\/4room.lv\/lv\/wp-json\/wp\/v2\/product_tag?post=156626"}],"curies":[{"name":"wp","href":"https:\/\/api.w.org\/{rel}","templated":true}]}}