{"id":156639,"date":"2025-04-17T15:31:36","date_gmt":"2025-04-17T12:31:36","guid":{"rendered":"https:\/\/4room.lv\/?post_type=product&#038;p=156639"},"modified":"2025-12-28T19:18:59","modified_gmt":"2025-12-28T17:18:59","slug":"sideboard-boli","status":"publish","type":"product","link":"https:\/\/4room.lv\/lv\/veikals\/mebeles\/plaukti-un-skapji\/sideboard-boli\/","title":{"rendered":"Sideboard Boli"},"content":{"rendered":"","protected":false},"excerpt":{"rendered":"<p>Stil\u012bgs, elegants un nedaudz industri\u0101ls. Dutchbone Boli modelis lieliski papildina j\u016bsu interjeru un ir lieliski piem\u0113rots gandr\u012bz jebkuram dz\u012bves stilam. Ide\u0101li piem\u0113rots interesantu aksesu\u0101ru un \u012bpa\u0161u atradumu demonstr\u0113\u0161anai. \u0160\u012bs s\u0113rijas unik\u0101l\u0101 iez\u012bme ir rievotais stikls, kas rada satrieco\u0161u efektu, k\u0101 ar\u012b pie\u0161\u0137ir retro saj\u016btu.<\/p>\n","protected":false},"featured_media":156652,"template":"","meta":[],"product_cat":[129,143],"product_tag":[],"class_list":{"0":"post-156639","1":"product","2":"type-product","3":"status-publish","4":"has-post-thumbnail","6":"product_brand-dutch-bone","7":"product_brand-white-label-living","8":"product_brand-zuiver","9":"product_cat-mebeles","10":"product_cat-plaukti-un-skapji","12":"first","13":"instock","14":"shipping-taxable","15":"purchasable","16":"product-type-simple","17":"hongo-alternate-image-wrap"},"_links":{"self":[{"href":"https:\/\/4room.lv\/lv\/wp-json\/wp\/v2\/product\/156639","targetHints":{"allow":["GET"]}}],"collection":[{"href":"https:\/\/4room.lv\/lv\/wp-json\/wp\/v2\/product"}],"about":[{"href":"https:\/\/4room.lv\/lv\/wp-json\/wp\/v2\/types\/product"}],"wp:featuredmedia":[{"embeddable":true,"href":"https:\/\/4room.lv\/lv\/wp-json\/wp\/v2\/media\/156652"}],"wp:attachment":[{"href":"https:\/\/4room.lv\/lv\/wp-json\/wp\/v2\/media?parent=156639"}],"wp:term":[{"taxonomy":"product_cat","embeddable":true,"href":"https:\/\/4room.lv\/lv\/wp-json\/wp\/v2\/product_cat?post=156639"},{"taxonomy":"product_tag","embeddable":true,"href":"https:\/\/4room.lv\/lv\/wp-json\/wp\/v2\/product_tag?post=156639"}],"curies":[{"name":"wp","href":"https:\/\/api.w.org\/{rel}","templated":true}]}}