{"id":156663,"date":"2025-04-21T10:39:53","date_gmt":"2025-04-21T07:39:53","guid":{"rendered":"https:\/\/4room.lv\/?post_type=product&#038;p=156663"},"modified":"2025-04-21T10:39:53","modified_gmt":"2025-04-21T07:39:53","slug":"croissant-xl-pendant-lamp","status":"publish","type":"product","link":"https:\/\/4room.lv\/lv\/veikals\/apgaismojums\/dekorativais\/croissant-xl-pendant-lamp\/","title":{"rendered":"CROISSANT XL PENDANT LAMP"},"content":{"rendered":"","protected":false},"excerpt":{"rendered":"<p>Unik\u0101la dizaina gaismeklis, kas atg\u0101dina kruas\u0101nu, no k\u0101 ar\u012b t\u0101 nosaukums. Gaismeklis ir elegant\u0101 sat\u012bna audum\u0101 balt\u0101 ton\u012b, kas skaisti atp\u012bd , veidojot intersantu gaismas un \u0113nas sp\u0113li.<\/p>\n<p>Gaismeklim nepiecie\u0161amas 6 E27 spuldzes, l\u012bdz ar to, var pan\u0101kt, ka gaismeklis ir jaud\u012bgs un gai\u0161s. Gaismeklis gaismu vair\u0101k dos uz aug\u0161u un leju, no s\u0101na audums aiztur gaismu. T\u0101d\u0113\u013c gaismeklis \u012bpa\u0161i piem\u0113rots zonu izgaismo\u0161anai, piem\u0113ram k\u0101pn\u0113m vai virs galda. Ja nepeicie\u0161ams gaismeklis augstiem griestiem, tad \u0161is b\u016bs lielisks risin\u0101jums.<\/p>\n<p>Gaismeklis tiek gatavots p\u0113c pas\u016bt\u012bjuma, t\u0101d\u0113\u013c var izv\u0113l\u0113ties no tr\u012bs izm\u0113riem un pla\u0161a audumu kl\u0101sta.\u00a0 L\u012bdz ar to var\u0113siet piel\u0101got to sava interjera vajad\u017e\u012bb\u0101m. Paraugus un inform\u0101ciju variet g\u016bt pie mums salon\u0101.<\/p>\n","protected":false},"featured_media":156670,"template":"","meta":[],"product_cat":[1058,127,147],"product_tag":[],"class_list":{"0":"post-156663","1":"product","2":"type-product","3":"status-publish","4":"has-post-thumbnail","6":"product_brand-4room","7":"product_cat-dizaina","8":"product_cat-apgaismojums","9":"product_cat-dekorativais","11":"first","12":"instock","13":"shipping-taxable","14":"purchasable","15":"product-type-simple","16":"hongo-alternate-image-wrap"},"_links":{"self":[{"href":"https:\/\/4room.lv\/lv\/wp-json\/wp\/v2\/product\/156663","targetHints":{"allow":["GET"]}}],"collection":[{"href":"https:\/\/4room.lv\/lv\/wp-json\/wp\/v2\/product"}],"about":[{"href":"https:\/\/4room.lv\/lv\/wp-json\/wp\/v2\/types\/product"}],"wp:featuredmedia":[{"embeddable":true,"href":"https:\/\/4room.lv\/lv\/wp-json\/wp\/v2\/media\/156670"}],"wp:attachment":[{"href":"https:\/\/4room.lv\/lv\/wp-json\/wp\/v2\/media?parent=156663"}],"wp:term":[{"taxonomy":"product_cat","embeddable":true,"href":"https:\/\/4room.lv\/lv\/wp-json\/wp\/v2\/product_cat?post=156663"},{"taxonomy":"product_tag","embeddable":true,"href":"https:\/\/4room.lv\/lv\/wp-json\/wp\/v2\/product_tag?post=156663"}],"curies":[{"name":"wp","href":"https:\/\/api.w.org\/{rel}","templated":true}]}}