{"id":156689,"date":"2025-04-21T11:16:19","date_gmt":"2025-04-21T08:16:19","guid":{"rendered":"https:\/\/4room.lv\/?post_type=product&#038;p=156689"},"modified":"2025-12-28T19:18:59","modified_gmt":"2025-12-28T17:18:59","slug":"counter-stool-tangle-black","status":"publish","type":"product","link":"https:\/\/4room.lv\/lv\/veikals\/mebeles\/kresli\/counter-stool-tangle-black\/","title":{"rendered":"Counter Stool Tangle Black"},"content":{"rendered":"","protected":false},"excerpt":{"rendered":"<p>M\u016bsdien\u012bgs un minim\u0101listisks pusb\u0101ra kr\u0113sls. Form\u0101 vienk\u0101r\u0161 uz met\u0101la r\u0101mja, bet t\u0101 odzi\u0146a ir t\u012bkkoka s\u0113\u017eas da\u013c\u0101. Izvelteais koks ir \u012bpa\u0161i iztur\u012bgs un tam ir unik\u0101ls raksts. Tam nav atzveltnes, t\u0101d\u0113\u013c b\u016bs piem\u0113rots \u0161iaram telp\u0101m, k\u0101 ar\u012b viet\u0101s kur daudz kust\u0101s, radot viegl\u0101ku skatu un \u0113rtu lieto\u0161anu. \u0160is kr\u0113sls lieliski ieder\u0113sies visda\u017e\u0101d\u0101kajos interjeros.<\/p>\n","protected":false},"featured_media":156699,"template":"","meta":[],"product_cat":[129,144],"product_tag":[],"class_list":{"0":"post-156689","1":"product","2":"type-product","3":"status-publish","4":"has-post-thumbnail","6":"product_brand-dutch-bone","7":"product_brand-white-label-living","8":"product_brand-zuiver","9":"product_cat-mebeles","10":"product_cat-kresli","12":"first","13":"instock","14":"shipping-taxable","15":"purchasable","16":"product-type-simple","17":"hongo-alternate-image-wrap"},"_links":{"self":[{"href":"https:\/\/4room.lv\/lv\/wp-json\/wp\/v2\/product\/156689","targetHints":{"allow":["GET"]}}],"collection":[{"href":"https:\/\/4room.lv\/lv\/wp-json\/wp\/v2\/product"}],"about":[{"href":"https:\/\/4room.lv\/lv\/wp-json\/wp\/v2\/types\/product"}],"wp:featuredmedia":[{"embeddable":true,"href":"https:\/\/4room.lv\/lv\/wp-json\/wp\/v2\/media\/156699"}],"wp:attachment":[{"href":"https:\/\/4room.lv\/lv\/wp-json\/wp\/v2\/media?parent=156689"}],"wp:term":[{"taxonomy":"product_cat","embeddable":true,"href":"https:\/\/4room.lv\/lv\/wp-json\/wp\/v2\/product_cat?post=156689"},{"taxonomy":"product_tag","embeddable":true,"href":"https:\/\/4room.lv\/lv\/wp-json\/wp\/v2\/product_tag?post=156689"}],"curies":[{"name":"wp","href":"https:\/\/api.w.org\/{rel}","templated":true}]}}