{"id":156759,"date":"2025-09-21T14:02:15","date_gmt":"2025-09-21T11:02:15","guid":{"rendered":"https:\/\/4room.lv\/?post_type=product&#038;p=156759"},"modified":"2025-10-17T10:50:44","modified_gmt":"2025-10-17T07:50:44","slug":"banbury-coffee-table","status":"publish","type":"product","link":"https:\/\/4room.lv\/lv\/veikals\/mebeles\/galdi\/banbury-coffee-table\/","title":{"rendered":"Banbury coffee table"},"content":{"rendered":"","protected":false},"excerpt":{"rendered":"<p>Lakota ozola finiera kafijas galdi\u0146s 80cm diametr\u0101, dab\u012bgaj\u0101 ozola ton\u012b. Simp\u0101tisks un minim\u0101listisks dizains, bet praktisks.\u00a0 Ar virsmu kam nelielas mali\u0146as, lai priek\u0161meti no t\u0101 nenosl\u012bd\u0113tu un apak\u0161\u0113ju plaukti\u0146u, lai variet salikt visu ikdien\u0101 nepiecie\u0161amo.<\/p>\n","protected":false},"featured_media":156766,"template":"","meta":[],"product_cat":[129,142],"product_tag":[],"class_list":{"0":"post-156759","1":"product","2":"type-product","3":"status-publish","4":"has-post-thumbnail","6":"product_cat-mebeles","7":"product_cat-galdi","9":"first","10":"instock","11":"sale","12":"shipping-taxable","13":"purchasable","14":"product-type-simple","15":"hongo-alternate-image-wrap"},"_links":{"self":[{"href":"https:\/\/4room.lv\/lv\/wp-json\/wp\/v2\/product\/156759","targetHints":{"allow":["GET"]}}],"collection":[{"href":"https:\/\/4room.lv\/lv\/wp-json\/wp\/v2\/product"}],"about":[{"href":"https:\/\/4room.lv\/lv\/wp-json\/wp\/v2\/types\/product"}],"wp:featuredmedia":[{"embeddable":true,"href":"https:\/\/4room.lv\/lv\/wp-json\/wp\/v2\/media\/156766"}],"wp:attachment":[{"href":"https:\/\/4room.lv\/lv\/wp-json\/wp\/v2\/media?parent=156759"}],"wp:term":[{"taxonomy":"product_cat","embeddable":true,"href":"https:\/\/4room.lv\/lv\/wp-json\/wp\/v2\/product_cat?post=156759"},{"taxonomy":"product_tag","embeddable":true,"href":"https:\/\/4room.lv\/lv\/wp-json\/wp\/v2\/product_tag?post=156759"}],"curies":[{"name":"wp","href":"https:\/\/api.w.org\/{rel}","templated":true}]}}