{"id":156772,"date":"2025-04-21T14:08:14","date_gmt":"2025-04-21T11:08:14","guid":{"rendered":"https:\/\/4room.lv\/?post_type=product&#038;p=156772"},"modified":"2025-04-21T14:08:14","modified_gmt":"2025-04-21T11:08:14","slug":"omari-floor-lamp-white","status":"publish","type":"product","link":"https:\/\/4room.lv\/lv\/veikals\/apgaismojums\/dekorativais\/omari-floor-lamp-white\/","title":{"rendered":"Omari Floor lamp White"},"content":{"rendered":"","protected":false},"excerpt":{"rendered":"<p>Kompakta st\u0101vlampa ar diviem Led spotiem. Gaismas intensit\u0101te main\u0101ma tr\u012bs re\u017e\u012bmos pieskaroties pogai uz gaismek\u013ca. \u0112rts gaismeklis las\u012b\u0161anai, kas neaiz\u0146ems lieki vietu.<\/p>\n","protected":false},"featured_media":156773,"template":"","meta":[],"product_cat":[127,147],"product_tag":[],"class_list":{"0":"post-156772","1":"product","2":"type-product","3":"status-publish","4":"has-post-thumbnail","6":"product_brand-nordlux","7":"product_cat-apgaismojums","8":"product_cat-dekorativais","10":"first","11":"instock","12":"shipping-taxable","13":"purchasable","14":"product-type-simple","15":"hongo-alternate-image-wrap"},"_links":{"self":[{"href":"https:\/\/4room.lv\/lv\/wp-json\/wp\/v2\/product\/156772","targetHints":{"allow":["GET"]}}],"collection":[{"href":"https:\/\/4room.lv\/lv\/wp-json\/wp\/v2\/product"}],"about":[{"href":"https:\/\/4room.lv\/lv\/wp-json\/wp\/v2\/types\/product"}],"wp:featuredmedia":[{"embeddable":true,"href":"https:\/\/4room.lv\/lv\/wp-json\/wp\/v2\/media\/156773"}],"wp:attachment":[{"href":"https:\/\/4room.lv\/lv\/wp-json\/wp\/v2\/media?parent=156772"}],"wp:term":[{"taxonomy":"product_cat","embeddable":true,"href":"https:\/\/4room.lv\/lv\/wp-json\/wp\/v2\/product_cat?post=156772"},{"taxonomy":"product_tag","embeddable":true,"href":"https:\/\/4room.lv\/lv\/wp-json\/wp\/v2\/product_tag?post=156772"}],"curies":[{"name":"wp","href":"https:\/\/api.w.org\/{rel}","templated":true}]}}