{"id":156785,"date":"2025-04-21T14:19:02","date_gmt":"2025-04-21T11:19:02","guid":{"rendered":"https:\/\/4room.lv\/?post_type=product&#038;p=156785"},"modified":"2025-04-21T14:19:35","modified_gmt":"2025-04-21T11:19:35","slug":"tolomeo-basculante-suspension-due-bracci","status":"publish","type":"product","link":"https:\/\/4room.lv\/lv\/veikals\/apgaismojums\/tolomeo-basculante-suspension-due-bracci\/","title":{"rendered":"Tolomeo Basculante Suspension Due Bracci"},"content":{"rendered":"","protected":false},"excerpt":{"rendered":"<p>It\u0101\u013cu dizaina ikona un dizaineru Michele De Lucchi un Giancarlo Fassina idejas rezult\u0101ts, Tolomeo lampa tika laista tirg\u016b 1987. gad\u0101. T\u0101 iemieso perfektu l\u012bdzsvaru starp funkcionalit\u0101ti un est\u0113tiku.<\/p>\n<p>Tolomeo dizainu raksturo t\u012bras un minim\u0101listiskas l\u012bnijas ar konstrukciju no alum\u012bnija. \u0160is materi\u0101ls pie\u0161\u0137ir lampai ne tikai modernu un izsmalcin\u0101tu izskatu, bet ar\u012b iev\u0113rojamu vieglumu un robustumu. Viens no Tolomeo at\u0161\u0137ir\u012bgajiem elementiem ir t\u0101 \u0161arn\u012brveida roku sist\u0113ma. Pateicoties novatoriskajam atsperu meh\u0101nismam, lampas augstumu un sl\u012bpumu var viegli regul\u0113t, nodro\u0161inot lieto\u0161anas elast\u012bbu. Divas ar atsper\u0113m l\u012bdzsvarotas sviras veras no viena k\u0101ta, \u013caujot vienk\u0101r\u0161i p\u0101rvietot abus aba\u017e\u016brus, kas ir pieejami \u010detros da\u017e\u0101dos izm\u0113ros.<\/p>\n<p>Konkr\u0113tajam gaismeklim abaz\u016bri ir 36cm un balt\u0101 sat\u012bna. Ta\u010du ja v\u0113laties k\u0101du no cit\u0101m versij\u0101m, variet dro\u0161i vaic\u0101t mums.<\/p>\n","protected":false},"featured_media":156792,"template":"","meta":[],"product_cat":[127],"product_tag":[],"class_list":{"0":"post-156785","1":"product","2":"type-product","3":"status-publish","4":"has-post-thumbnail","6":"product_brand-artemide","7":"product_cat-apgaismojums","9":"first","10":"instock","11":"shipping-taxable","12":"purchasable","13":"product-type-simple","14":"hongo-alternate-image-wrap"},"_links":{"self":[{"href":"https:\/\/4room.lv\/lv\/wp-json\/wp\/v2\/product\/156785","targetHints":{"allow":["GET"]}}],"collection":[{"href":"https:\/\/4room.lv\/lv\/wp-json\/wp\/v2\/product"}],"about":[{"href":"https:\/\/4room.lv\/lv\/wp-json\/wp\/v2\/types\/product"}],"wp:featuredmedia":[{"embeddable":true,"href":"https:\/\/4room.lv\/lv\/wp-json\/wp\/v2\/media\/156792"}],"wp:attachment":[{"href":"https:\/\/4room.lv\/lv\/wp-json\/wp\/v2\/media?parent=156785"}],"wp:term":[{"taxonomy":"product_cat","embeddable":true,"href":"https:\/\/4room.lv\/lv\/wp-json\/wp\/v2\/product_cat?post=156785"},{"taxonomy":"product_tag","embeddable":true,"href":"https:\/\/4room.lv\/lv\/wp-json\/wp\/v2\/product_tag?post=156785"}],"curies":[{"name":"wp","href":"https:\/\/api.w.org\/{rel}","templated":true}]}}