{"id":156798,"date":"2025-04-21T14:45:57","date_gmt":"2025-04-21T11:45:57","guid":{"rendered":"https:\/\/4room.lv\/?post_type=product&#038;p=156798"},"modified":"2025-04-21T14:45:57","modified_gmt":"2025-04-21T11:45:57","slug":"serpentine-light-s","status":"publish","type":"product","link":"https:\/\/4room.lv\/lv\/veikals\/apgaismojums\/dekorativais\/serpentine-light-s\/","title":{"rendered":"Serpentine Light S"},"content":{"rendered":"","protected":false},"excerpt":{"rendered":"<p>Serpentine Light by Front ir eleganta piekares lampa ar gais\u012bgu dizainu, ko iedvesmoju\u0161i pap\u012bra l\u012bklo\u010di. T\u0101 pl\u016bsto\u0161\u0101, caursp\u012bd\u012bg\u0101 forma rada il\u016bziju par nebeidzamu aug\u0161upv\u0113rstu spir\u0101li, vienm\u0113r\u012bgi izklied\u0113jot gaismu, radot maigu, dabisku izgaismojumu. Ide\u0101li piem\u0113rots pusdienu galdiem, gaite\u0146iem vai kompoz\u012bcij\u0101 liel\u0101kam telp\u0101m, tas pie\u0161\u0137ir ikvienai telpai dinamiku.<\/p>\n<p>Gaismeklim nepiecie\u0161ama 1 E27 spuldze.<\/p>\n","protected":false},"featured_media":156805,"template":"","meta":[],"product_cat":[1058,127,147],"product_tag":[],"class_list":{"0":"post-156798","1":"product","2":"type-product","3":"status-publish","4":"has-post-thumbnail","6":"product_brand-moooi","7":"product_cat-dizaina","8":"product_cat-apgaismojums","9":"product_cat-dekorativais","11":"first","12":"instock","13":"shipping-taxable","14":"purchasable","15":"product-type-simple","16":"hongo-alternate-image-wrap"},"_links":{"self":[{"href":"https:\/\/4room.lv\/lv\/wp-json\/wp\/v2\/product\/156798","targetHints":{"allow":["GET"]}}],"collection":[{"href":"https:\/\/4room.lv\/lv\/wp-json\/wp\/v2\/product"}],"about":[{"href":"https:\/\/4room.lv\/lv\/wp-json\/wp\/v2\/types\/product"}],"wp:featuredmedia":[{"embeddable":true,"href":"https:\/\/4room.lv\/lv\/wp-json\/wp\/v2\/media\/156805"}],"wp:attachment":[{"href":"https:\/\/4room.lv\/lv\/wp-json\/wp\/v2\/media?parent=156798"}],"wp:term":[{"taxonomy":"product_cat","embeddable":true,"href":"https:\/\/4room.lv\/lv\/wp-json\/wp\/v2\/product_cat?post=156798"},{"taxonomy":"product_tag","embeddable":true,"href":"https:\/\/4room.lv\/lv\/wp-json\/wp\/v2\/product_tag?post=156798"}],"curies":[{"name":"wp","href":"https:\/\/api.w.org\/{rel}","templated":true}]}}