{"id":156812,"date":"2025-04-22T11:29:35","date_gmt":"2025-04-22T08:29:35","guid":{"rendered":"https:\/\/4room.lv\/?post_type=product&#038;p=156812"},"modified":"2026-03-13T11:02:12","modified_gmt":"2026-03-13T09:02:12","slug":"coupar-garden-light-black","status":"publish","type":"product","link":"https:\/\/4room.lv\/lv\/veikals\/apgaismojums\/ara\/coupar-garden-light-black\/","title":{"rendered":"Coupar Garden light Black"},"content":{"rendered":"","protected":false},"excerpt":{"rendered":"<p>Modelis iedvesmots no klasiskaj\u0101m \u0101ra latern\u0101m. Vienk\u0101r\u0161\u0101s l\u012bnijas tam piedod m\u016bsdien\u012bgu dizainu. Gaisma b\u016bs pa\u012bkama un difuz\u0113ta, pateicoties kupola rievojumam, kas a\u0157\u012b efekt\u012bgi izskat\u0101s vizu\u0101li.<\/p>\n<p>Gaismeklim nepiecie\u0161ama E27 spuldze, to variet izvel\u0113ties p\u0113c ieskatiem, jaud\u012bgaku vai maz\u0101k jaud\u012bgu, k\u0101 ar\u012b sev t\u012bkam\u0101 ton\u012b.<\/p>\n<p>Met\u0101la b\u0101ze ir apstr\u0101d\u0101ta un iztur\u012bga pret koroziju. Atsevi\u0161\u0137i iesp\u0113jams ar\u012b ieg\u0101d\u0101tiem zem\u0113 liekamo b\u0101zi vieglai uzst\u0101d\u012b\u0161anai.<\/p>\n","protected":false},"featured_media":156816,"template":"","meta":[],"product_cat":[127,150],"product_tag":[],"class_list":{"0":"post-156812","1":"product","2":"type-product","3":"status-publish","4":"has-post-thumbnail","6":"product_brand-nordlux","7":"product_cat-apgaismojums","8":"product_cat-ara","10":"first","11":"instock","12":"shipping-taxable","13":"purchasable","14":"product-type-simple","15":"hongo-alternate-image-wrap"},"_links":{"self":[{"href":"https:\/\/4room.lv\/lv\/wp-json\/wp\/v2\/product\/156812","targetHints":{"allow":["GET"]}}],"collection":[{"href":"https:\/\/4room.lv\/lv\/wp-json\/wp\/v2\/product"}],"about":[{"href":"https:\/\/4room.lv\/lv\/wp-json\/wp\/v2\/types\/product"}],"wp:featuredmedia":[{"embeddable":true,"href":"https:\/\/4room.lv\/lv\/wp-json\/wp\/v2\/media\/156816"}],"wp:attachment":[{"href":"https:\/\/4room.lv\/lv\/wp-json\/wp\/v2\/media?parent=156812"}],"wp:term":[{"taxonomy":"product_cat","embeddable":true,"href":"https:\/\/4room.lv\/lv\/wp-json\/wp\/v2\/product_cat?post=156812"},{"taxonomy":"product_tag","embeddable":true,"href":"https:\/\/4room.lv\/lv\/wp-json\/wp\/v2\/product_tag?post=156812"}],"curies":[{"name":"wp","href":"https:\/\/api.w.org\/{rel}","templated":true}]}}