{"id":156822,"date":"2025-04-22T12:43:34","date_gmt":"2025-04-22T09:43:34","guid":{"rendered":"https:\/\/4room.lv\/?post_type=product&#038;p=156822"},"modified":"2025-04-22T12:43:34","modified_gmt":"2025-04-22T09:43:34","slug":"tokyo-table-eucalyptus","status":"publish","type":"product","link":"https:\/\/4room.lv\/lv\/veikals\/mebeles\/galdi\/tokyo-table-eucalyptus\/","title":{"rendered":"Tokyo table Eucalyptus"},"content":{"rendered":"","protected":false},"excerpt":{"rendered":"<p>Elegants \u0113damgalds uz efekt\u012bg\u0101m met\u0101la k\u0101j\u0101m ar eikalipta koka to\u0146a fieniera virsmu, kam ir unik\u0101ls raksts un pateic\u012bgs tonis. Galds ir liels, lai \u0113rti sas\u0113stos l\u012bdz pat 8 s\u0113dviet\u0101m.<\/p>\n","protected":false},"featured_media":156823,"template":"","meta":[],"product_cat":[129,142],"product_tag":[],"class_list":{"0":"post-156822","1":"product","2":"type-product","3":"status-publish","4":"has-post-thumbnail","6":"product_brand-capodarte","7":"product_cat-mebeles","8":"product_cat-galdi","10":"first","11":"instock","12":"shipping-taxable","13":"purchasable","14":"product-type-simple"},"_links":{"self":[{"href":"https:\/\/4room.lv\/lv\/wp-json\/wp\/v2\/product\/156822","targetHints":{"allow":["GET"]}}],"collection":[{"href":"https:\/\/4room.lv\/lv\/wp-json\/wp\/v2\/product"}],"about":[{"href":"https:\/\/4room.lv\/lv\/wp-json\/wp\/v2\/types\/product"}],"wp:featuredmedia":[{"embeddable":true,"href":"https:\/\/4room.lv\/lv\/wp-json\/wp\/v2\/media\/156823"}],"wp:attachment":[{"href":"https:\/\/4room.lv\/lv\/wp-json\/wp\/v2\/media?parent=156822"}],"wp:term":[{"taxonomy":"product_cat","embeddable":true,"href":"https:\/\/4room.lv\/lv\/wp-json\/wp\/v2\/product_cat?post=156822"},{"taxonomy":"product_tag","embeddable":true,"href":"https:\/\/4room.lv\/lv\/wp-json\/wp\/v2\/product_tag?post=156822"}],"curies":[{"name":"wp","href":"https:\/\/api.w.org\/{rel}","templated":true}]}}