{"id":156850,"date":"2025-04-24T12:26:13","date_gmt":"2025-04-24T09:26:13","guid":{"rendered":"https:\/\/4room.lv\/?post_type=product&#038;p=156850"},"modified":"2025-04-24T12:26:13","modified_gmt":"2025-04-24T09:26:13","slug":"meggie-chair","status":"publish","type":"product","link":"https:\/\/4room.lv\/lv\/veikals\/mebeles\/kresli\/meggie-chair\/","title":{"rendered":"Meggie chair"},"content":{"rendered":"","protected":false},"excerpt":{"rendered":"<p>Elegants \u0113damkr\u0113sls br\u016bn\u0101 kr\u0101s\u0101. S\u0113\u017eas da\u013ca ir br\u016bn\u0101, viegli kopjams audum\u0101, uz muguras ir dekorat\u012bvas lien\u0101ras \u0161uves. Ar\u012b met\u0101la k\u0101jas ir skaisti br\u016bn\u0101 ton\u012b. Dizains ir \u013coti univers\u0101ls un ieder\u0113sies pie da\u017e\u0101diem galdiem, da\u017e\u0101dos interjeros.<\/p>\n","protected":false},"featured_media":156854,"template":"","meta":[],"product_cat":[129,144],"product_tag":[],"class_list":{"0":"post-156850","1":"product","2":"type-product","3":"status-publish","4":"has-post-thumbnail","6":"product_brand-capodarte","7":"product_cat-mebeles","8":"product_cat-kresli","10":"first","11":"instock","12":"shipping-taxable","13":"purchasable","14":"product-type-simple","15":"hongo-alternate-image-wrap"},"_links":{"self":[{"href":"https:\/\/4room.lv\/lv\/wp-json\/wp\/v2\/product\/156850","targetHints":{"allow":["GET"]}}],"collection":[{"href":"https:\/\/4room.lv\/lv\/wp-json\/wp\/v2\/product"}],"about":[{"href":"https:\/\/4room.lv\/lv\/wp-json\/wp\/v2\/types\/product"}],"wp:featuredmedia":[{"embeddable":true,"href":"https:\/\/4room.lv\/lv\/wp-json\/wp\/v2\/media\/156854"}],"wp:attachment":[{"href":"https:\/\/4room.lv\/lv\/wp-json\/wp\/v2\/media?parent=156850"}],"wp:term":[{"taxonomy":"product_cat","embeddable":true,"href":"https:\/\/4room.lv\/lv\/wp-json\/wp\/v2\/product_cat?post=156850"},{"taxonomy":"product_tag","embeddable":true,"href":"https:\/\/4room.lv\/lv\/wp-json\/wp\/v2\/product_tag?post=156850"}],"curies":[{"name":"wp","href":"https:\/\/api.w.org\/{rel}","templated":true}]}}