{"id":156867,"date":"2025-04-24T14:15:09","date_gmt":"2025-04-24T11:15:09","guid":{"rendered":"https:\/\/4room.lv\/?post_type=product&#038;p=156867"},"modified":"2025-04-24T14:19:56","modified_gmt":"2025-04-24T11:19:56","slug":"brandon-set-3-lux-right","status":"publish","type":"product","link":"https:\/\/4room.lv\/lv\/veikals\/mebeles\/divani\/brandon-set-3-lux-right\/","title":{"rendered":"Brandon set 3 Lux right"},"content":{"rendered":"","protected":false},"excerpt":{"rendered":"<p>Izcili \u0113rtais Brandon modelis patiks visiem! St\u016bra versij\u0101 tas ir ide\u0101lais gimenes d\u012bv\u0101ns. Liels un \u012bpa\u0161i m\u012bksts, maig\u0101, b\u0113\u0161\u0101 audum\u0101 uz ozolkoka kaji\u0146\u0101m. Komplekt\u0101cij\u0101 n\u0101k spilventi\u0146i.<\/p>\n<p>konkr\u0113tajam modelim ir Lux klases pild\u012bjums, kas noz\u012bm\u0113 ilgsto\u0161u kvalit\u0101ti un papildus komfortu. Tam ir speci\u0101li nodal\u012bjumi, kas pild\u012bti ar d\u016bn\u0101m un silikona perl\u012bt\u0113m, lai d\u016bnas nesaliptu, kas iet pa virsu putu sl\u0101nim. Tas nodro\u0161ina m\u012bkstumu un formas notur\u012bbu d\u012bvanam. D\u012bvana ramis ir no k\u0101rt\u012bga koka, l\u012bdz ar to ir stabils un kalpos ilgi.<\/p>\n<p>Konkr\u0113tais modelis ir apvilkts ar maigu, taustei pat\u012bkamu \u0161enila audumu, natur\u0101li b\u0113\u0161\u0101 ton\u012b, ar \u012bpa\u0161i augstu nodilumiztur\u012bbu un kr\u0101sas notur\u012bbu pret bal\u0113\u0161anu. Audumu dr\u012bkst mazg\u0101t.<\/p>\n<p>St\u016brir ir labaj\u0101 pus\u0113 (skatoties uz d\u012bv\u0101nu no priek\u0161as!)<\/p>\n<p>D\u012bv\u0101nus ra\u017eo p\u0113c pas\u016bt\u012bjuma, l\u012bdz ar to izgatavo\u0161anas laiks atkar\u012bgs no noslogojuma. D\u012bv\u0101nu iesp\u0113jams pa\u0161\u016bt\u012bt daz\u0101d\u0101s konfigur\u0101cij\u0101s un apdar\u0113s. P\u0113c inform\u0101cijas un paraugiem variet v\u0113rsties pie mums.<\/p>\n","protected":false},"featured_media":156880,"template":"","meta":[],"product_cat":[129,145],"product_tag":[],"class_list":{"0":"post-156867","1":"product","2":"type-product","3":"status-publish","4":"has-post-thumbnail","6":"product_brand-sits","7":"product_cat-mebeles","8":"product_cat-divani","10":"first","11":"instock","12":"shipping-taxable","13":"purchasable","14":"product-type-simple","15":"hongo-alternate-image-wrap"},"_links":{"self":[{"href":"https:\/\/4room.lv\/lv\/wp-json\/wp\/v2\/product\/156867","targetHints":{"allow":["GET"]}}],"collection":[{"href":"https:\/\/4room.lv\/lv\/wp-json\/wp\/v2\/product"}],"about":[{"href":"https:\/\/4room.lv\/lv\/wp-json\/wp\/v2\/types\/product"}],"wp:featuredmedia":[{"embeddable":true,"href":"https:\/\/4room.lv\/lv\/wp-json\/wp\/v2\/media\/156880"}],"wp:attachment":[{"href":"https:\/\/4room.lv\/lv\/wp-json\/wp\/v2\/media?parent=156867"}],"wp:term":[{"taxonomy":"product_cat","embeddable":true,"href":"https:\/\/4room.lv\/lv\/wp-json\/wp\/v2\/product_cat?post=156867"},{"taxonomy":"product_tag","embeddable":true,"href":"https:\/\/4room.lv\/lv\/wp-json\/wp\/v2\/product_tag?post=156867"}],"curies":[{"name":"wp","href":"https:\/\/api.w.org\/{rel}","templated":true}]}}