{"id":156906,"date":"2025-04-24T15:41:45","date_gmt":"2025-04-24T12:41:45","guid":{"rendered":"https:\/\/4room.lv\/?post_type=product&#038;p=156906"},"modified":"2025-04-24T15:41:45","modified_gmt":"2025-04-24T12:41:45","slug":"piper-led-230v-suspended","status":"publish","type":"product","link":"https:\/\/4room.lv\/lv\/veikals\/apgaismojums\/dekorativais\/piper-led-230v-suspended\/","title":{"rendered":"PIPER LED 230V suspended"},"content":{"rendered":"","protected":false},"excerpt":{"rendered":"<p>M\u016bsdien\u012bgs line\u0101rais gaismeklis ar jaud\u012bgu klied\u0113to gaismu. Gaismeklim ir iespeja ar korpusa iestr\u0101d\u0101tu sl\u0113zi main\u012bt t\u0101 spektru, izv\u0113loties silt\u0101ku vai v\u0113saku gaismu. Gaismeklis ir meln\u0101 kr\u0101s\u0101 ar baltu led da\u013cu.<\/p>\n","protected":false},"featured_media":156907,"template":"","meta":[],"product_cat":[127,148,147],"product_tag":[],"class_list":{"0":"post-156906","1":"product","2":"type-product","3":"status-publish","4":"has-post-thumbnail","6":"product_brand-aqform","7":"product_cat-apgaismojums","8":"product_cat-arhitekturalais","9":"product_cat-dekorativais","11":"first","12":"instock","13":"shipping-taxable","14":"purchasable","15":"product-type-simple","16":"hongo-alternate-image-wrap"},"_links":{"self":[{"href":"https:\/\/4room.lv\/lv\/wp-json\/wp\/v2\/product\/156906","targetHints":{"allow":["GET"]}}],"collection":[{"href":"https:\/\/4room.lv\/lv\/wp-json\/wp\/v2\/product"}],"about":[{"href":"https:\/\/4room.lv\/lv\/wp-json\/wp\/v2\/types\/product"}],"wp:featuredmedia":[{"embeddable":true,"href":"https:\/\/4room.lv\/lv\/wp-json\/wp\/v2\/media\/156907"}],"wp:attachment":[{"href":"https:\/\/4room.lv\/lv\/wp-json\/wp\/v2\/media?parent=156906"}],"wp:term":[{"taxonomy":"product_cat","embeddable":true,"href":"https:\/\/4room.lv\/lv\/wp-json\/wp\/v2\/product_cat?post=156906"},{"taxonomy":"product_tag","embeddable":true,"href":"https:\/\/4room.lv\/lv\/wp-json\/wp\/v2\/product_tag?post=156906"}],"curies":[{"name":"wp","href":"https:\/\/api.w.org\/{rel}","templated":true}]}}