{"id":156916,"date":"2025-04-24T16:11:54","date_gmt":"2025-04-24T13:11:54","guid":{"rendered":"https:\/\/4room.lv\/?post_type=product&#038;p=156916"},"modified":"2025-04-24T16:22:00","modified_gmt":"2025-04-24T13:22:00","slug":"blos-cast-33-led-surface-terracotta","status":"publish","type":"product","link":"https:\/\/4room.lv\/lv\/veikals\/apgaismojums\/dekorativais\/blos-cast-33-led-surface-terracotta\/","title":{"rendered":"BLOS cast 33 LED surface terracotta"},"content":{"rendered":"","protected":false},"excerpt":{"rendered":"<p>Jaun\u0101kais Blos s\u0113rijas modelis, ar skaistu jaunu apdari. Tas ir izliets\u00a0 no\u012bpa\u0161a \u0123ip\u0161a, ar skaistu rievojumu un pieejams aktu\u0101l\u0101kajos to\u0146os. Konkr\u0113tais terakotas tonis b\u016bs lielisks akcents interjer\u0101, kas labi saspel\u0113sies ar vairumu to\u0146u scen\u0101riju.<\/p>\n<p>Gaismek\u013ca vid\u016b ir akrila difuzors, kur sl\u0113pj\u0101s jaud\u012bgs Led ar siltu gaismu.<\/p>\n<p>Pieejami vair\u0101ki izm\u0113ri un to\u0146i, ka ar\u012b iesp\u0113ja pas\u016bt\u012bt uz Dali. Par komplekt\u0101cijas iesp\u0113j\u0101m variet vaic\u0101t mums.<\/p>\n","protected":false},"featured_media":156917,"template":"","meta":[],"product_cat":[127,148,147],"product_tag":[],"class_list":{"0":"post-156916","1":"product","2":"type-product","3":"status-publish","4":"has-post-thumbnail","6":"product_brand-aqform","7":"product_cat-apgaismojums","8":"product_cat-arhitekturalais","9":"product_cat-dekorativais","11":"first","12":"instock","13":"shipping-taxable","14":"purchasable","15":"product-type-simple","16":"hongo-alternate-image-wrap"},"_links":{"self":[{"href":"https:\/\/4room.lv\/lv\/wp-json\/wp\/v2\/product\/156916","targetHints":{"allow":["GET"]}}],"collection":[{"href":"https:\/\/4room.lv\/lv\/wp-json\/wp\/v2\/product"}],"about":[{"href":"https:\/\/4room.lv\/lv\/wp-json\/wp\/v2\/types\/product"}],"wp:featuredmedia":[{"embeddable":true,"href":"https:\/\/4room.lv\/lv\/wp-json\/wp\/v2\/media\/156917"}],"wp:attachment":[{"href":"https:\/\/4room.lv\/lv\/wp-json\/wp\/v2\/media?parent=156916"}],"wp:term":[{"taxonomy":"product_cat","embeddable":true,"href":"https:\/\/4room.lv\/lv\/wp-json\/wp\/v2\/product_cat?post=156916"},{"taxonomy":"product_tag","embeddable":true,"href":"https:\/\/4room.lv\/lv\/wp-json\/wp\/v2\/product_tag?post=156916"}],"curies":[{"name":"wp","href":"https:\/\/api.w.org\/{rel}","templated":true}]}}