{"id":156948,"date":"2025-04-24T17:21:20","date_gmt":"2025-04-24T14:21:20","guid":{"rendered":"https:\/\/4room.lv\/?post_type=product&#038;p=156948"},"modified":"2025-04-24T17:31:57","modified_gmt":"2025-04-24T14:31:57","slug":"barlow-bar-table","status":"publish","type":"product","link":"https:\/\/4room.lv\/lv\/veikals\/biroja-mebeles\/biroja-galdi\/barlow-bar-table\/","title":{"rendered":"Barlow bar table"},"content":{"rendered":"","protected":false},"excerpt":{"rendered":"<p>Skandin\u0101vu stila b\u0101ra galds, skaist\u0101 ozolkoka lakot\u0101 finier\u012b, dab\u012bg\u0101 ton\u012b. K\u0101jas no iztur\u012bg\u0101 gumijkoka. Rad\u012bs m\u0101j\u012bgu atmosf\u0113ru jebkur\u0101 telp\u0101.<\/p>\n<p><strong>\u00a0(WxDxH):\u00a0<\/strong>120x60x105 cm<\/p>\n","protected":false},"featured_media":156961,"template":"","meta":[],"product_cat":[131,338,129,142],"product_tag":[],"class_list":{"0":"post-156948","1":"product","2":"type-product","3":"status-publish","4":"has-post-thumbnail","6":"product_cat-biroja-mebeles","7":"product_cat-biroja-galdi","8":"product_cat-mebeles","9":"product_cat-galdi","11":"first","12":"instock","13":"shipping-taxable","14":"purchasable","15":"product-type-simple","16":"hongo-alternate-image-wrap"},"_links":{"self":[{"href":"https:\/\/4room.lv\/lv\/wp-json\/wp\/v2\/product\/156948","targetHints":{"allow":["GET"]}}],"collection":[{"href":"https:\/\/4room.lv\/lv\/wp-json\/wp\/v2\/product"}],"about":[{"href":"https:\/\/4room.lv\/lv\/wp-json\/wp\/v2\/types\/product"}],"wp:featuredmedia":[{"embeddable":true,"href":"https:\/\/4room.lv\/lv\/wp-json\/wp\/v2\/media\/156961"}],"wp:attachment":[{"href":"https:\/\/4room.lv\/lv\/wp-json\/wp\/v2\/media?parent=156948"}],"wp:term":[{"taxonomy":"product_cat","embeddable":true,"href":"https:\/\/4room.lv\/lv\/wp-json\/wp\/v2\/product_cat?post=156948"},{"taxonomy":"product_tag","embeddable":true,"href":"https:\/\/4room.lv\/lv\/wp-json\/wp\/v2\/product_tag?post=156948"}],"curies":[{"name":"wp","href":"https:\/\/api.w.org\/{rel}","templated":true}]}}