{"id":156973,"date":"2025-04-25T16:31:08","date_gmt":"2025-04-25T13:31:08","guid":{"rendered":"https:\/\/4room.lv\/?post_type=product&#038;p=156973"},"modified":"2025-04-25T16:31:08","modified_gmt":"2025-04-25T13:31:08","slug":"suspension-parrot-xl","status":"publish","type":"product","link":"https:\/\/4room.lv\/lv\/veikals\/apgaismojums\/dekorativais\/suspension-parrot-xl\/","title":{"rendered":"Suspension parrot xl"},"content":{"rendered":"","protected":false},"excerpt":{"rendered":"<p>Dekorat\u012bvs gaismeklis no Francijas ra\u017eot\u0101ja Forestier, kas p\u012bta \u012bpa\u0161\u0101 rakst\u0101 no tekstila auklas un lina auduma. Modelis ir ne tikai iespaid\u012bg\u0101 izm\u0113r\u0101, veselu 1m plats,\u00a0 bet ar\u012b unik\u0101l\u0101 to\u0146u kombin\u0101cij\u0101, kas atsvaidzin\u0101s interjeru. Deta\u013cas meln\u0101 kr\u0101s\u0101. Gaismek\u013ci ir roku darbs, kas noz\u012bm\u0113, ka ne visi b\u016bs perfekti un identiski.<\/p>\n<p>Gaisma no gaismek\u013ca b\u016bs vair\u0101k noska\u0146as gaisma, jo spuldze nosegta ar aba\u017e\u016bru. Ieteiktu kombin\u0113t ar vair\u0101k\u0101m gaismek\u013cu grup\u0101m, lai pan\u0101ktu labu gaismu telp\u0101.<\/p>\n<p>Gaismeklim nepiecie\u0161ama viena spuldze, ko variet ieg\u0101d\u0101ties p\u0113c sav\u0101m v\u0113lm\u0113m.<\/p>\n<p>Modelim ir vair\u0101kas to\u0146u un izm\u0113ru vari\u0101cijas, papildus inform\u0101ciju variet vaic\u0101t mums.<\/p>\n","protected":false},"featured_media":156977,"template":"","meta":[],"product_cat":[1058,127,147],"product_tag":[],"class_list":{"0":"post-156973","1":"product","2":"type-product","3":"status-publish","4":"has-post-thumbnail","6":"product_brand-forestier","7":"product_cat-dizaina","8":"product_cat-apgaismojums","9":"product_cat-dekorativais","11":"first","12":"instock","13":"shipping-taxable","14":"purchasable","15":"product-type-simple","16":"hongo-alternate-image-wrap"},"_links":{"self":[{"href":"https:\/\/4room.lv\/lv\/wp-json\/wp\/v2\/product\/156973","targetHints":{"allow":["GET"]}}],"collection":[{"href":"https:\/\/4room.lv\/lv\/wp-json\/wp\/v2\/product"}],"about":[{"href":"https:\/\/4room.lv\/lv\/wp-json\/wp\/v2\/types\/product"}],"wp:featuredmedia":[{"embeddable":true,"href":"https:\/\/4room.lv\/lv\/wp-json\/wp\/v2\/media\/156977"}],"wp:attachment":[{"href":"https:\/\/4room.lv\/lv\/wp-json\/wp\/v2\/media?parent=156973"}],"wp:term":[{"taxonomy":"product_cat","embeddable":true,"href":"https:\/\/4room.lv\/lv\/wp-json\/wp\/v2\/product_cat?post=156973"},{"taxonomy":"product_tag","embeddable":true,"href":"https:\/\/4room.lv\/lv\/wp-json\/wp\/v2\/product_tag?post=156973"}],"curies":[{"name":"wp","href":"https:\/\/api.w.org\/{rel}","templated":true}]}}