{"id":157024,"date":"2025-04-26T12:11:44","date_gmt":"2025-04-26T09:11:44","guid":{"rendered":"https:\/\/4room.lv\/?post_type=product&#038;p=157024"},"modified":"2025-04-26T12:11:44","modified_gmt":"2025-04-26T09:11:44","slug":"sveva-chair-marrone","status":"publish","type":"product","link":"https:\/\/4room.lv\/lv\/veikals\/mebeles\/kresli\/sveva-chair-marrone\/","title":{"rendered":"Sveva chair marrone"},"content":{"rendered":"","protected":false},"excerpt":{"rendered":"<p>M\u016bsdien\u012bgs kr\u0113sls it\u0101\u013cu dizain\u0101. Ask\u0113tisks melna met\u0101la r\u0101mis ar br\u016bnu apdari, kvalitat\u012bva \u0101das aizvietotaj\u0101, kas b\u016bs viegli kopjams.<\/p>\n<p>Pieejams ar\u012b citos, to\u0146os.<\/p>\n","protected":false},"featured_media":157028,"template":"","meta":[],"product_cat":[129,144],"product_tag":[],"class_list":{"0":"post-157024","1":"product","2":"type-product","3":"status-publish","4":"has-post-thumbnail","6":"product_brand-capodarte","7":"product_cat-mebeles","8":"product_cat-kresli","10":"first","11":"instock","12":"shipping-taxable","13":"purchasable","14":"product-type-simple","15":"hongo-alternate-image-wrap"},"_links":{"self":[{"href":"https:\/\/4room.lv\/lv\/wp-json\/wp\/v2\/product\/157024","targetHints":{"allow":["GET"]}}],"collection":[{"href":"https:\/\/4room.lv\/lv\/wp-json\/wp\/v2\/product"}],"about":[{"href":"https:\/\/4room.lv\/lv\/wp-json\/wp\/v2\/types\/product"}],"wp:featuredmedia":[{"embeddable":true,"href":"https:\/\/4room.lv\/lv\/wp-json\/wp\/v2\/media\/157028"}],"wp:attachment":[{"href":"https:\/\/4room.lv\/lv\/wp-json\/wp\/v2\/media?parent=157024"}],"wp:term":[{"taxonomy":"product_cat","embeddable":true,"href":"https:\/\/4room.lv\/lv\/wp-json\/wp\/v2\/product_cat?post=157024"},{"taxonomy":"product_tag","embeddable":true,"href":"https:\/\/4room.lv\/lv\/wp-json\/wp\/v2\/product_tag?post=157024"}],"curies":[{"name":"wp","href":"https:\/\/api.w.org\/{rel}","templated":true}]}}