{"id":157082,"date":"2025-04-26T16:39:34","date_gmt":"2025-04-26T13:39:34","guid":{"rendered":"https:\/\/4room.lv\/?post_type=product&#038;p=157082"},"modified":"2025-04-26T16:47:17","modified_gmt":"2025-04-26T13:47:17","slug":"loop-1300","status":"publish","type":"product","link":"https:\/\/4room.lv\/lv\/veikals\/apgaismojums\/dekorativais\/loop-1300\/","title":{"rendered":"Loop 1300"},"content":{"rendered":"","protected":false},"excerpt":{"rendered":"<p>Dosm\u012bgais Loop ir iedvesmots no elektriskajiem izolatoriem, apvienojot industri\u0101lu stilu ar eleganci, kas iespau\u017eas gudri izmantotaj\u0101 stikla cilindr\u0101. Tas sast\u0101v no vairakiem diskiem kas sp\u012bd, radot unikalu efektu, vienm\u0113r\u012bgi un maigi izgaismojot to vis\u0101 garum\u0101.<\/p>\n<p>Konkr\u0113tajam modelim ir stiprin\u0101jums, kas ieb\u016bv\u0113jas griestos radot absol\u016bti t\u012bru un ask\u0113tisku skatu. Gaismek\u013ca transform\u0101tors pasl\u0113pjams griestos l\u012bdz ar to griestos j\u0101b\u016bt br\u012bvai vietai.<\/p>\n<p>Sa\u0146\u0113mis\u00a0 Red Dot un Archiproduct dizaina abalvojumus, Loop dizains viennoz\u012bm\u012bgi priec\u0113s vislielakos dizaina gard\u0113\u017eus.<\/p>\n","protected":false},"featured_media":157083,"template":"","meta":[],"product_cat":[1058,127,148,147],"product_tag":[],"class_list":{"0":"post-157082","1":"product","2":"type-product","3":"status-publish","4":"has-post-thumbnail","6":"product_brand-arkos","7":"product_cat-dizaina","8":"product_cat-apgaismojums","9":"product_cat-arhitekturalais","10":"product_cat-dekorativais","12":"first","13":"instock","14":"shipping-taxable","15":"purchasable","16":"product-type-simple","17":"hongo-alternate-image-wrap"},"_links":{"self":[{"href":"https:\/\/4room.lv\/lv\/wp-json\/wp\/v2\/product\/157082","targetHints":{"allow":["GET"]}}],"collection":[{"href":"https:\/\/4room.lv\/lv\/wp-json\/wp\/v2\/product"}],"about":[{"href":"https:\/\/4room.lv\/lv\/wp-json\/wp\/v2\/types\/product"}],"wp:featuredmedia":[{"embeddable":true,"href":"https:\/\/4room.lv\/lv\/wp-json\/wp\/v2\/media\/157083"}],"wp:attachment":[{"href":"https:\/\/4room.lv\/lv\/wp-json\/wp\/v2\/media?parent=157082"}],"wp:term":[{"taxonomy":"product_cat","embeddable":true,"href":"https:\/\/4room.lv\/lv\/wp-json\/wp\/v2\/product_cat?post=157082"},{"taxonomy":"product_tag","embeddable":true,"href":"https:\/\/4room.lv\/lv\/wp-json\/wp\/v2\/product_tag?post=157082"}],"curies":[{"name":"wp","href":"https:\/\/api.w.org\/{rel}","templated":true}]}}