{"id":157177,"date":"2025-04-28T10:10:53","date_gmt":"2025-04-28T07:10:53","guid":{"rendered":"https:\/\/4room.lv\/?post_type=product&#038;p=157177"},"modified":"2025-04-28T10:11:58","modified_gmt":"2025-04-28T07:11:58","slug":"eleanor-chair","status":"publish","type":"product","link":"https:\/\/4room.lv\/lv\/veikals\/mebeles\/kresli\/eleanor-chair\/","title":{"rendered":"Eleanor chair"},"content":{"rendered":"","protected":false},"excerpt":{"rendered":"<p>Eleganta mode\u013ca Eleanor atp\u016btas kr\u0113sls r\u016bsgani oran\u017e\u0101 vel\u016br\u0101, melna met\u0101la k\u0101j\u0101m. Bag\u0101t\u012bgs un efekt\u012bgs dizains, kas b\u016bs pat\u012bkams akcents interjer\u0101.<\/p>\n<p>Ra\u017eots p\u0113c pa\u0161\u016bt\u012bjuma, l\u012bdz ar to ir iesp\u0113ja pas\u016bt\u012bt izv\u0113loties no pla\u0161a apdaru kl\u0101sta. lai uzzin\u0101tu vair\u0101k sazinieties ar mums.<\/p>\n","protected":false},"featured_media":157181,"template":"","meta":[],"product_cat":[129,144],"product_tag":[],"class_list":{"0":"post-157177","1":"product","2":"type-product","3":"status-publish","4":"has-post-thumbnail","6":"product_brand-ermatiko","7":"product_cat-mebeles","8":"product_cat-kresli","10":"first","11":"instock","12":"shipping-taxable","13":"purchasable","14":"product-type-simple","15":"hongo-alternate-image-wrap"},"_links":{"self":[{"href":"https:\/\/4room.lv\/lv\/wp-json\/wp\/v2\/product\/157177","targetHints":{"allow":["GET"]}}],"collection":[{"href":"https:\/\/4room.lv\/lv\/wp-json\/wp\/v2\/product"}],"about":[{"href":"https:\/\/4room.lv\/lv\/wp-json\/wp\/v2\/types\/product"}],"wp:featuredmedia":[{"embeddable":true,"href":"https:\/\/4room.lv\/lv\/wp-json\/wp\/v2\/media\/157181"}],"wp:attachment":[{"href":"https:\/\/4room.lv\/lv\/wp-json\/wp\/v2\/media?parent=157177"}],"wp:term":[{"taxonomy":"product_cat","embeddable":true,"href":"https:\/\/4room.lv\/lv\/wp-json\/wp\/v2\/product_cat?post=157177"},{"taxonomy":"product_tag","embeddable":true,"href":"https:\/\/4room.lv\/lv\/wp-json\/wp\/v2\/product_tag?post=157177"}],"curies":[{"name":"wp","href":"https:\/\/api.w.org\/{rel}","templated":true}]}}