{"id":157187,"date":"2025-04-28T10:28:54","date_gmt":"2025-04-28T07:28:54","guid":{"rendered":"https:\/\/4room.lv\/?post_type=product&#038;p=157187"},"modified":"2025-04-28T10:28:54","modified_gmt":"2025-04-28T07:28:54","slug":"gravity-2-black","status":"publish","type":"product","link":"https:\/\/4room.lv\/lv\/veikals\/apgaismojums\/dekorativais\/gravity-2-black\/","title":{"rendered":"Gravity 2 black"},"content":{"rendered":"","protected":false},"excerpt":{"rendered":"<p>Unik\u0101la dizaina gaismeklis Gravity b\u016bs izcils akcent j\u016bsu interjeram. Meln\u0101 met\u0101l\u0101 tas b\u016bs m\u016b\u0161dien\u012bgs un efekt\u012bgs. Pa vidu gaismeklim ir Led modulis, kas vienm\u0113r\u012bgi atstarojas pret met\u0101la deta\u013c\u0101m, radot atmosf\u0113rsiku apgaismojumu. Iek\u0101rtaj\u0101 deta\u013c\u0101 ir GU10 spuldze, kas gaismu virz\u012bs le\u0146\u0137\u012b uz leju, labi izgaismojot virsmu. Spuldze nen\u0101k komplekt\u0101cij\u0101 un var\u0113siet to izv\u0113l\u0113ties p\u0113c saviem ieskatiem.<\/p>\n","protected":false},"featured_media":157188,"template":"","meta":[],"product_cat":[1058,127,147],"product_tag":[],"class_list":{"0":"post-157187","1":"product","2":"type-product","3":"status-publish","4":"has-post-thumbnail","6":"product_brand-forestier","7":"product_cat-dizaina","8":"product_cat-apgaismojums","9":"product_cat-dekorativais","11":"first","12":"instock","13":"shipping-taxable","14":"purchasable","15":"product-type-simple","16":"hongo-alternate-image-wrap"},"_links":{"self":[{"href":"https:\/\/4room.lv\/lv\/wp-json\/wp\/v2\/product\/157187","targetHints":{"allow":["GET"]}}],"collection":[{"href":"https:\/\/4room.lv\/lv\/wp-json\/wp\/v2\/product"}],"about":[{"href":"https:\/\/4room.lv\/lv\/wp-json\/wp\/v2\/types\/product"}],"wp:featuredmedia":[{"embeddable":true,"href":"https:\/\/4room.lv\/lv\/wp-json\/wp\/v2\/media\/157188"}],"wp:attachment":[{"href":"https:\/\/4room.lv\/lv\/wp-json\/wp\/v2\/media?parent=157187"}],"wp:term":[{"taxonomy":"product_cat","embeddable":true,"href":"https:\/\/4room.lv\/lv\/wp-json\/wp\/v2\/product_cat?post=157187"},{"taxonomy":"product_tag","embeddable":true,"href":"https:\/\/4room.lv\/lv\/wp-json\/wp\/v2\/product_tag?post=157187"}],"curies":[{"name":"wp","href":"https:\/\/api.w.org\/{rel}","templated":true}]}}