{"id":157194,"date":"2025-04-28T10:45:10","date_gmt":"2025-04-28T07:45:10","guid":{"rendered":"https:\/\/4room.lv\/?post_type=product&#038;p=157194"},"modified":"2025-04-28T10:45:10","modified_gmt":"2025-04-28T07:45:10","slug":"artist-floor-o42","status":"publish","type":"product","link":"https:\/\/4room.lv\/lv\/veikals\/apgaismojums\/dekorativais\/artist-floor-o42\/","title":{"rendered":"ARTIST FLOOR \u00f842"},"content":{"rendered":"","protected":false},"excerpt":{"rendered":"<p>Klasiska st\u0101vlampa\u00a0 &#8211; b\u0113rza koka tr\u012bskaja ar kokvilnas auduma aba\u017e\u016bru balta kr\u0101s\u0101.Klasiska v\u0113rt\u012bba, kas nezaud\u0113s aktualit\u0101ti un rad\u012bs m\u0101j\u012bgu atmosf\u0113ru telp\u0101. Roku darbs, kas r\u016bp\u012bgi izgatavots ar augstu uzman\u012bbu kvalit\u0101tei.<\/p>\n","protected":false},"featured_media":157195,"template":"","meta":[],"product_cat":[127,147],"product_tag":[],"class_list":{"0":"post-157194","1":"product","2":"type-product","3":"status-publish","4":"has-post-thumbnail","6":"product_brand-4room","7":"product_cat-apgaismojums","8":"product_cat-dekorativais","10":"first","11":"instock","12":"shipping-taxable","13":"purchasable","14":"product-type-simple","15":"hongo-alternate-image-wrap"},"_links":{"self":[{"href":"https:\/\/4room.lv\/lv\/wp-json\/wp\/v2\/product\/157194","targetHints":{"allow":["GET"]}}],"collection":[{"href":"https:\/\/4room.lv\/lv\/wp-json\/wp\/v2\/product"}],"about":[{"href":"https:\/\/4room.lv\/lv\/wp-json\/wp\/v2\/types\/product"}],"wp:featuredmedia":[{"embeddable":true,"href":"https:\/\/4room.lv\/lv\/wp-json\/wp\/v2\/media\/157195"}],"wp:attachment":[{"href":"https:\/\/4room.lv\/lv\/wp-json\/wp\/v2\/media?parent=157194"}],"wp:term":[{"taxonomy":"product_cat","embeddable":true,"href":"https:\/\/4room.lv\/lv\/wp-json\/wp\/v2\/product_cat?post=157194"},{"taxonomy":"product_tag","embeddable":true,"href":"https:\/\/4room.lv\/lv\/wp-json\/wp\/v2\/product_tag?post=157194"}],"curies":[{"name":"wp","href":"https:\/\/api.w.org\/{rel}","templated":true}]}}