{"id":157341,"date":"2025-04-30T11:41:40","date_gmt":"2025-04-30T08:41:40","guid":{"rendered":"https:\/\/4room.lv\/?post_type=product&#038;p=157341"},"modified":"2025-12-28T19:18:58","modified_gmt":"2025-12-28T17:18:58","slug":"pendant-lamp-lena-l-black","status":"publish","type":"product","link":"https:\/\/4room.lv\/lv\/veikals\/apgaismojums\/dekorativais\/pendant-lamp-lena-l-black\/","title":{"rendered":"Pendant Lamp Lena L Black"},"content":{"rendered":"","protected":false},"excerpt":{"rendered":"<p>Interesanta dizaina gaismeklis. Veidots no met\u0101la pinuma, neregul\u0101ras formas, kas atg\u0101dina zvejnieku t\u012bklu. Skaisti lau\u017e gaismu atmosf\u0113riskam apgaismojumam. Iesak\u0101m ar dekorat\u012bvo spuldzi, lai vizu\u0101li peivilc\u012bgak. Skaisti izskat\u0101s viens, bet \u013coti efekt\u012bgi izskat\u0101s vair\u0101ku gaismek\u013cu kompoz\u012bcij\u0101.<\/p>\n","protected":false},"featured_media":157345,"template":"","meta":[],"product_cat":[127,147],"product_tag":[],"class_list":{"0":"post-157341","1":"product","2":"type-product","3":"status-publish","4":"has-post-thumbnail","6":"product_brand-dutch-bone","7":"product_brand-white-label-living","8":"product_brand-zuiver","9":"product_cat-apgaismojums","10":"product_cat-dekorativais","12":"first","13":"instock","14":"shipping-taxable","15":"purchasable","16":"product-type-simple","17":"hongo-alternate-image-wrap"},"_links":{"self":[{"href":"https:\/\/4room.lv\/lv\/wp-json\/wp\/v2\/product\/157341","targetHints":{"allow":["GET"]}}],"collection":[{"href":"https:\/\/4room.lv\/lv\/wp-json\/wp\/v2\/product"}],"about":[{"href":"https:\/\/4room.lv\/lv\/wp-json\/wp\/v2\/types\/product"}],"wp:featuredmedia":[{"embeddable":true,"href":"https:\/\/4room.lv\/lv\/wp-json\/wp\/v2\/media\/157345"}],"wp:attachment":[{"href":"https:\/\/4room.lv\/lv\/wp-json\/wp\/v2\/media?parent=157341"}],"wp:term":[{"taxonomy":"product_cat","embeddable":true,"href":"https:\/\/4room.lv\/lv\/wp-json\/wp\/v2\/product_cat?post=157341"},{"taxonomy":"product_tag","embeddable":true,"href":"https:\/\/4room.lv\/lv\/wp-json\/wp\/v2\/product_tag?post=157341"}],"curies":[{"name":"wp","href":"https:\/\/api.w.org\/{rel}","templated":true}]}}