{"id":157389,"date":"2025-04-30T13:01:51","date_gmt":"2025-04-30T10:01:51","guid":{"rendered":"https:\/\/4room.lv\/?post_type=product&#038;p=157389"},"modified":"2025-12-28T19:18:58","modified_gmt":"2025-12-28T17:18:58","slug":"carpet-phila-160x257-blue","status":"publish","type":"product","link":"https:\/\/4room.lv\/lv\/veikals\/interjeram\/paklaji\/carpet-phila-160x257-blue\/","title":{"rendered":"Carpet Phila 160&#215;257 Blue"},"content":{"rendered":"","protected":false},"excerpt":{"rendered":"<p>Abstrakta dizaina pakl\u0101js, pel\u0113kzil\u0101 un b\u0113\u0161\u0101 ton\u012b ar tum\u0161i dzeltenu akcentu. B\u016bs dizainisks interjera akcents, glu\u017ei k\u0101 m\u0101kslas darbs, bet uz gr\u012bdas.<\/p>\n","protected":false},"featured_media":157390,"template":"","meta":[],"product_cat":[130,133],"product_tag":[],"class_list":{"0":"post-157389","1":"product","2":"type-product","3":"status-publish","4":"has-post-thumbnail","6":"product_brand-dutch-bone","7":"product_brand-white-label-living","8":"product_brand-zuiver","9":"product_cat-interjeram","10":"product_cat-paklaji","12":"first","13":"instock","14":"shipping-taxable","15":"purchasable","16":"product-type-simple","17":"hongo-alternate-image-wrap"},"_links":{"self":[{"href":"https:\/\/4room.lv\/lv\/wp-json\/wp\/v2\/product\/157389","targetHints":{"allow":["GET"]}}],"collection":[{"href":"https:\/\/4room.lv\/lv\/wp-json\/wp\/v2\/product"}],"about":[{"href":"https:\/\/4room.lv\/lv\/wp-json\/wp\/v2\/types\/product"}],"wp:featuredmedia":[{"embeddable":true,"href":"https:\/\/4room.lv\/lv\/wp-json\/wp\/v2\/media\/157390"}],"wp:attachment":[{"href":"https:\/\/4room.lv\/lv\/wp-json\/wp\/v2\/media?parent=157389"}],"wp:term":[{"taxonomy":"product_cat","embeddable":true,"href":"https:\/\/4room.lv\/lv\/wp-json\/wp\/v2\/product_cat?post=157389"},{"taxonomy":"product_tag","embeddable":true,"href":"https:\/\/4room.lv\/lv\/wp-json\/wp\/v2\/product_tag?post=157389"}],"curies":[{"name":"wp","href":"https:\/\/api.w.org\/{rel}","templated":true}]}}