{"id":157399,"date":"2025-05-21T10:40:47","date_gmt":"2025-05-21T07:40:47","guid":{"rendered":"https:\/\/4room.lv\/?post_type=product&#038;p=157399"},"modified":"2025-11-13T16:20:46","modified_gmt":"2025-11-13T14:20:46","slug":"bach-8-oro","status":"publish","type":"product","link":"https:\/\/4room.lv\/lv\/veikals\/apgaismojums\/dekorativais\/bach-8-oro\/","title":{"rendered":"Bach 8 oro"},"content":{"rendered":"","protected":false},"excerpt":{"rendered":"<p>Grezns gaismeklis klasisk\u0101 stil\u0101. Elegants p\u016bsta stikla korpuss ar krist\u0101la deta\u013c\u0101m\u012bpa\u0161ai grezn\u012bbai. Plis\u0113tie b\u0113\u0161ie aba\u017e\u016bri ar skaistu zelt\u012btu mali\u0146u rad\u012bs pat\u012bkamu un m\u0101j\u012bgu apgaismojumu, izgreznojot lustru. Lustra pieejama ar\u012b bez aba\u017e\u016briem, k\u0101 ar\u012b sudraba apdar\u0113. Par kolekciju vair\u0101k variet jaut\u0101t mums!<\/p>\n","protected":false},"featured_media":157556,"template":"","meta":[],"product_cat":[127,147],"product_tag":[],"class_list":{"0":"post-157399","1":"product","2":"type-product","3":"status-publish","4":"has-post-thumbnail","6":"product_brand-ondaluce","7":"product_cat-apgaismojums","8":"product_cat-dekorativais","10":"first","11":"instock","12":"sale","13":"shipping-taxable","14":"purchasable","15":"product-type-simple"},"_links":{"self":[{"href":"https:\/\/4room.lv\/lv\/wp-json\/wp\/v2\/product\/157399","targetHints":{"allow":["GET"]}}],"collection":[{"href":"https:\/\/4room.lv\/lv\/wp-json\/wp\/v2\/product"}],"about":[{"href":"https:\/\/4room.lv\/lv\/wp-json\/wp\/v2\/types\/product"}],"wp:featuredmedia":[{"embeddable":true,"href":"https:\/\/4room.lv\/lv\/wp-json\/wp\/v2\/media\/157556"}],"wp:attachment":[{"href":"https:\/\/4room.lv\/lv\/wp-json\/wp\/v2\/media?parent=157399"}],"wp:term":[{"taxonomy":"product_cat","embeddable":true,"href":"https:\/\/4room.lv\/lv\/wp-json\/wp\/v2\/product_cat?post=157399"},{"taxonomy":"product_tag","embeddable":true,"href":"https:\/\/4room.lv\/lv\/wp-json\/wp\/v2\/product_tag?post=157399"}],"curies":[{"name":"wp","href":"https:\/\/api.w.org\/{rel}","templated":true}]}}