{"id":157435,"date":"2025-05-08T17:14:01","date_gmt":"2025-05-08T14:14:01","guid":{"rendered":"https:\/\/4room.lv\/?post_type=product&#038;p=157435"},"modified":"2025-05-08T17:14:01","modified_gmt":"2025-05-08T14:14:01","slug":"matera-oval-urban-grey-180","status":"publish","type":"product","link":"https:\/\/4room.lv\/lv\/veikals\/mebeles\/galdi\/matera-oval-urban-grey-180\/","title":{"rendered":"MATERA oval urban grey 180"},"content":{"rendered":"","protected":false},"excerpt":{"rendered":"<p>Matera ir galds ar met\u0101la konstrukciju un MDF virsmu. Viss p\u0101rkl\u0101ts ar 3 k\u0101rt\u0101m, rok\u0101m pul\u0113ta materi\u0101la. Pieejams taisnst\u016bra un ov\u0101la form\u0101. Matera ir unik\u0101la dizaina galds, divi l\u012bdzsvaroti akme\u0146i, kas balsta virsmu, perfekt\u0101 l\u012bdzsvara sp\u0113l\u0113. Tas noteikti b\u016bs \u0113damistabas centr\u0101lais dizaina objekts.<\/p>\n","protected":false},"featured_media":157436,"template":"","meta":[],"product_cat":[129,142],"product_tag":[],"class_list":{"0":"post-157435","1":"product","2":"type-product","3":"status-publish","4":"has-post-thumbnail","6":"product_brand-mogg","7":"product_cat-mebeles","8":"product_cat-galdi","10":"first","11":"instock","12":"shipping-taxable","13":"purchasable","14":"product-type-simple","15":"hongo-alternate-image-wrap"},"_links":{"self":[{"href":"https:\/\/4room.lv\/lv\/wp-json\/wp\/v2\/product\/157435","targetHints":{"allow":["GET"]}}],"collection":[{"href":"https:\/\/4room.lv\/lv\/wp-json\/wp\/v2\/product"}],"about":[{"href":"https:\/\/4room.lv\/lv\/wp-json\/wp\/v2\/types\/product"}],"wp:featuredmedia":[{"embeddable":true,"href":"https:\/\/4room.lv\/lv\/wp-json\/wp\/v2\/media\/157436"}],"wp:attachment":[{"href":"https:\/\/4room.lv\/lv\/wp-json\/wp\/v2\/media?parent=157435"}],"wp:term":[{"taxonomy":"product_cat","embeddable":true,"href":"https:\/\/4room.lv\/lv\/wp-json\/wp\/v2\/product_cat?post=157435"},{"taxonomy":"product_tag","embeddable":true,"href":"https:\/\/4room.lv\/lv\/wp-json\/wp\/v2\/product_tag?post=157435"}],"curies":[{"name":"wp","href":"https:\/\/api.w.org\/{rel}","templated":true}]}}