{"id":157454,"date":"2025-05-20T10:22:43","date_gmt":"2025-05-20T07:22:43","guid":{"rendered":"https:\/\/4room.lv\/?post_type=product&#038;p=157454"},"modified":"2025-05-21T10:59:55","modified_gmt":"2025-05-21T07:59:55","slug":"metrica","status":"publish","type":"product","link":"https:\/\/4room.lv\/lv\/veikals\/mebeles\/plaukti-un-skapji\/metrica\/","title":{"rendered":"Metrica"},"content":{"rendered":"","protected":false},"excerpt":{"rendered":"<p>Metrica ir met\u0101la plaukts, kas pieejams tit\u0101na, pul\u0113t\u0101 un zelta apdar\u0113 ar caursp\u012bd\u012bgiem stikla plauktiem bronzas vai za\u013c\u0101 kr\u0101s\u0101. Strukt\u016bra ir vienk\u0101r\u0161a- ritmu iez\u012bm\u0113 dzelzs stie\u0146i, kas da\u017e\u0101dos interv\u0101los piestiprin\u0101ti pie stabila r\u0101mja, kur\u0101 ievietotie priek\u0161meti rada kompoz\u012bciju \u012bpa\u0161u tie\u0161i jums.<\/p>\n<p>Design<\/p>\n<h4>CTRLZAK STUDIO, 2017<\/h4>\n","protected":false},"featured_media":157455,"template":"","meta":[],"product_cat":[129,143],"product_tag":[],"class_list":{"0":"post-157454","1":"product","2":"type-product","3":"status-publish","4":"has-post-thumbnail","6":"product_brand-mogg","7":"product_cat-mebeles","8":"product_cat-plaukti-un-skapji","10":"first","11":"instock","12":"shipping-taxable","13":"purchasable","14":"product-type-simple"},"_links":{"self":[{"href":"https:\/\/4room.lv\/lv\/wp-json\/wp\/v2\/product\/157454","targetHints":{"allow":["GET"]}}],"collection":[{"href":"https:\/\/4room.lv\/lv\/wp-json\/wp\/v2\/product"}],"about":[{"href":"https:\/\/4room.lv\/lv\/wp-json\/wp\/v2\/types\/product"}],"wp:featuredmedia":[{"embeddable":true,"href":"https:\/\/4room.lv\/lv\/wp-json\/wp\/v2\/media\/157455"}],"wp:attachment":[{"href":"https:\/\/4room.lv\/lv\/wp-json\/wp\/v2\/media?parent=157454"}],"wp:term":[{"taxonomy":"product_cat","embeddable":true,"href":"https:\/\/4room.lv\/lv\/wp-json\/wp\/v2\/product_cat?post=157454"},{"taxonomy":"product_tag","embeddable":true,"href":"https:\/\/4room.lv\/lv\/wp-json\/wp\/v2\/product_tag?post=157454"}],"curies":[{"name":"wp","href":"https:\/\/api.w.org\/{rel}","templated":true}]}}