{"id":157562,"date":"2025-05-21T10:58:06","date_gmt":"2025-05-21T07:58:06","guid":{"rendered":"https:\/\/4room.lv\/?post_type=product&#038;p=157562"},"modified":"2025-05-21T11:01:05","modified_gmt":"2025-05-21T08:01:05","slug":"flex-small-table-o270mm","status":"publish","type":"product","link":"https:\/\/4room.lv\/lv\/veikals\/apgaismojums\/dekorativais\/flex-small-table-o270mm\/","title":{"rendered":"FLEX SMALL TABLE \u00f8270mm"},"content":{"rendered":"","protected":false},"excerpt":{"rendered":"<p>Funkcion\u0101la un unik\u0101la galda lampa Flex. Stabila melna metale b\u0101ze ar hrom\u0113tu lok\u0101mu k\u0101tu, kas \u013cauj izloc\u012bt lampu uz jebkuru velamu virzienu. Konkr\u0113taj\u0101 komplekt\u0101cija gaismeklim ir elegants melna sat\u012bna aba\u017e\u016brs. Gaismeklis ir roku darbs, kas ra\u017eots 4Room ra\u017eotn\u0113, kur r\u016bp\u012bgi nostr\u0101d\u0101ta b\u016bs katra deta\u013ca, nodro\u0161inot augst\u0101ko kvalit\u0101ti un ilgu kalpo\u0161anas laiku. Gaismek\u013ci tiek ra\u017eoti p\u0113c pa\u0161\u016bt\u012bjuma, l\u012bdz ar to, ja v\u0113laties citas kr\u0101su kombin\u0101cijas, tad ir iesp\u0113ja pas\u016bt\u012bt no pla\u0161a apdaru kl\u0101sta sev t\u012bkam\u0101ko. Paraugus var apskat\u012bt pie mums salon\u0101.<\/p>\n","protected":false},"featured_media":157563,"template":"","meta":[],"product_cat":[1058,127,147],"product_tag":[],"class_list":{"0":"post-157562","1":"product","2":"type-product","3":"status-publish","4":"has-post-thumbnail","6":"product_brand-4room","7":"product_cat-dizaina","8":"product_cat-apgaismojums","9":"product_cat-dekorativais","11":"first","12":"instock","13":"shipping-taxable","14":"purchasable","15":"product-type-simple"},"_links":{"self":[{"href":"https:\/\/4room.lv\/lv\/wp-json\/wp\/v2\/product\/157562","targetHints":{"allow":["GET"]}}],"collection":[{"href":"https:\/\/4room.lv\/lv\/wp-json\/wp\/v2\/product"}],"about":[{"href":"https:\/\/4room.lv\/lv\/wp-json\/wp\/v2\/types\/product"}],"wp:featuredmedia":[{"embeddable":true,"href":"https:\/\/4room.lv\/lv\/wp-json\/wp\/v2\/media\/157563"}],"wp:attachment":[{"href":"https:\/\/4room.lv\/lv\/wp-json\/wp\/v2\/media?parent=157562"}],"wp:term":[{"taxonomy":"product_cat","embeddable":true,"href":"https:\/\/4room.lv\/lv\/wp-json\/wp\/v2\/product_cat?post=157562"},{"taxonomy":"product_tag","embeddable":true,"href":"https:\/\/4room.lv\/lv\/wp-json\/wp\/v2\/product_tag?post=157562"}],"curies":[{"name":"wp","href":"https:\/\/api.w.org\/{rel}","templated":true}]}}