{"id":158041,"date":"2025-05-29T15:26:11","date_gmt":"2025-05-29T12:26:11","guid":{"rendered":"https:\/\/4room.lv\/?post_type=product&#038;p=158041"},"modified":"2025-05-29T15:26:11","modified_gmt":"2025-05-29T12:26:11","slug":"9x5w-suspended-lights","status":"publish","type":"product","link":"https:\/\/4room.lv\/lv\/veikals\/apgaismojums\/dekorativais\/9x5w-suspended-lights\/","title":{"rendered":"9x5W suspended lights"},"content":{"rendered":"","protected":false},"excerpt":{"rendered":"<p>Elegants Led gaismeklis ar 9gab 5W Led iekar\u0113m. Skaisti izska\u012bsies k\u0101pn\u0113s vai virs galda. Piem\u0113rots risin\u0101jums augstiem griestiem, jo maksimalais garums ir 2,2m<\/p>\n<p>&nbsp;<\/p>\n","protected":false},"featured_media":158042,"template":"","meta":[],"product_cat":[127,147],"product_tag":[],"class_list":{"0":"post-158041","1":"product","2":"type-product","3":"status-publish","4":"has-post-thumbnail","6":"product_brand-onelight","7":"product_cat-apgaismojums","8":"product_cat-dekorativais","10":"first","11":"instock","12":"shipping-taxable","13":"purchasable","14":"product-type-simple"},"_links":{"self":[{"href":"https:\/\/4room.lv\/lv\/wp-json\/wp\/v2\/product\/158041","targetHints":{"allow":["GET"]}}],"collection":[{"href":"https:\/\/4room.lv\/lv\/wp-json\/wp\/v2\/product"}],"about":[{"href":"https:\/\/4room.lv\/lv\/wp-json\/wp\/v2\/types\/product"}],"wp:featuredmedia":[{"embeddable":true,"href":"https:\/\/4room.lv\/lv\/wp-json\/wp\/v2\/media\/158042"}],"wp:attachment":[{"href":"https:\/\/4room.lv\/lv\/wp-json\/wp\/v2\/media?parent=158041"}],"wp:term":[{"taxonomy":"product_cat","embeddable":true,"href":"https:\/\/4room.lv\/lv\/wp-json\/wp\/v2\/product_cat?post=158041"},{"taxonomy":"product_tag","embeddable":true,"href":"https:\/\/4room.lv\/lv\/wp-json\/wp\/v2\/product_tag?post=158041"}],"curies":[{"name":"wp","href":"https:\/\/api.w.org\/{rel}","templated":true}]}}