{"id":158086,"date":"2025-05-29T16:04:28","date_gmt":"2025-05-29T13:04:28","guid":{"rendered":"https:\/\/4room.lv\/?post_type=product&#038;p=158086"},"modified":"2025-05-29T16:04:28","modified_gmt":"2025-05-29T13:04:28","slug":"wilmer-wall-light-white","status":"publish","type":"product","link":"https:\/\/4room.lv\/lv\/veikals\/apgaismojums\/dekorativais\/wilmer-wall-light-white\/","title":{"rendered":"Wilmer Wall light White"},"content":{"rendered":"","protected":false},"excerpt":{"rendered":"<p>Minim\u0101listiska sienas lampi\u0146a ar sl\u0113dzi un USB-C spraudni l\u0101d\u0113tajam, lai variet \u0113rti uzl\u0101d\u0113t, piem\u0113ram, savu mobilo talruni. Lielisks risin\u0101jums pie gultas. Gaismeklim nepiecie\u0161ama 1gab E14 spuldze, kuru variet izvel\u0113ties p\u0113c saviem ieskatiem.<\/p>\n","protected":false},"featured_media":158087,"template":"","meta":[],"product_cat":[127,147],"product_tag":[],"class_list":{"0":"post-158086","1":"product","2":"type-product","3":"status-publish","4":"has-post-thumbnail","6":"product_brand-nordlux","7":"product_cat-apgaismojums","8":"product_cat-dekorativais","10":"first","11":"instock","12":"shipping-taxable","13":"purchasable","14":"product-type-simple","15":"hongo-alternate-image-wrap"},"_links":{"self":[{"href":"https:\/\/4room.lv\/lv\/wp-json\/wp\/v2\/product\/158086","targetHints":{"allow":["GET"]}}],"collection":[{"href":"https:\/\/4room.lv\/lv\/wp-json\/wp\/v2\/product"}],"about":[{"href":"https:\/\/4room.lv\/lv\/wp-json\/wp\/v2\/types\/product"}],"wp:featuredmedia":[{"embeddable":true,"href":"https:\/\/4room.lv\/lv\/wp-json\/wp\/v2\/media\/158087"}],"wp:attachment":[{"href":"https:\/\/4room.lv\/lv\/wp-json\/wp\/v2\/media?parent=158086"}],"wp:term":[{"taxonomy":"product_cat","embeddable":true,"href":"https:\/\/4room.lv\/lv\/wp-json\/wp\/v2\/product_cat?post=158086"},{"taxonomy":"product_tag","embeddable":true,"href":"https:\/\/4room.lv\/lv\/wp-json\/wp\/v2\/product_tag?post=158086"}],"curies":[{"name":"wp","href":"https:\/\/api.w.org\/{rel}","templated":true}]}}