{"id":158132,"date":"2025-11-29T17:04:54","date_gmt":"2025-11-29T15:04:54","guid":{"rendered":"https:\/\/4room.lv\/?post_type=product&#038;p=158132"},"modified":"2026-01-19T12:41:14","modified_gmt":"2026-01-19T10:41:14","slug":"cannes-chandelier-12","status":"publish","type":"product","link":"https:\/\/4room.lv\/lv\/veikals\/apgaismojums\/dekorativais\/cannes-chandelier-12\/","title":{"rendered":"Cannes chandelier 12"},"content":{"rendered":"","protected":false},"excerpt":{"rendered":"<p>Eleganta griestu lustra ar skaist\u0101m op\u0101la stikla lap\u0101m uz misi\u0146a r\u0101mja. Lustr\u0101 ir 12gab E14 spuldzes, kuras variet izvel\u0113ties p\u0113c saviem ieskatiem, nodro\u0161in\u0101t labu izgaismojumu. Izcils un bag\u0101t\u012bgs akcents, k\u0101 rota j\u016bsu interjeram.<\/p>\n","protected":false},"featured_media":158133,"template":"","meta":[],"product_cat":[127,147],"product_tag":[],"class_list":{"0":"post-158132","1":"product","2":"type-product","3":"status-publish","4":"has-post-thumbnail","6":"product_brand-cosmolight","7":"product_cat-apgaismojums","8":"product_cat-dekorativais","10":"first","11":"instock","12":"shipping-taxable","13":"purchasable","14":"product-type-simple","15":"hongo-alternate-image-wrap"},"_links":{"self":[{"href":"https:\/\/4room.lv\/lv\/wp-json\/wp\/v2\/product\/158132","targetHints":{"allow":["GET"]}}],"collection":[{"href":"https:\/\/4room.lv\/lv\/wp-json\/wp\/v2\/product"}],"about":[{"href":"https:\/\/4room.lv\/lv\/wp-json\/wp\/v2\/types\/product"}],"wp:featuredmedia":[{"embeddable":true,"href":"https:\/\/4room.lv\/lv\/wp-json\/wp\/v2\/media\/158133"}],"wp:attachment":[{"href":"https:\/\/4room.lv\/lv\/wp-json\/wp\/v2\/media?parent=158132"}],"wp:term":[{"taxonomy":"product_cat","embeddable":true,"href":"https:\/\/4room.lv\/lv\/wp-json\/wp\/v2\/product_cat?post=158132"},{"taxonomy":"product_tag","embeddable":true,"href":"https:\/\/4room.lv\/lv\/wp-json\/wp\/v2\/product_tag?post=158132"}],"curies":[{"name":"wp","href":"https:\/\/api.w.org\/{rel}","templated":true}]}}